{"id":2039,"date":"2020-07-09T12:20:00","date_gmt":"2020-07-09T10:20:00","guid":{"rendered":"https:\/\/inserail.es\/politica-de-privacitat\/"},"modified":"2021-01-25T19:37:36","modified_gmt":"2021-01-25T18:37:36","slug":"politica-de-privacitat","status":"publish","type":"page","link":"https:\/\/inserail.es\/ca\/politica-de-privacitat\/","title":{"rendered":"Pol\u00edtica de privacitat"},"content":{"rendered":"<div style='padding-bottom:10px; ' class='av-special-heading av-special-heading-h1  blockquote modern-quote  avia-builder-el-0  el_before_av_textblock  avia-builder-el-first   '><h1 class='av-special-heading-tag '  itemprop=\"headline\"  > Pol\u00edtica de privacitat <\/h1><div class='special-heading-border'><div class='special-heading-inner-border' ><\/div><\/div><\/div>\n<section class=\"av_textblock_section \"  itemscope=\"itemscope\" itemtype=\"https:\/\/schema.org\/CreativeWork\" ><div class='avia_textblock  '   itemprop=\"text\" ><p>Amb aquest av\u00eds de privacitat, us informem de quines dades personals recopilem i per a quins fins es processen les vostres dades personals.<\/p>\n<p><strong>RESPONSABLE DEL TRACTAMENT<\/strong><\/p>\n<p>En el sentit del Reglament general de protecci\u00f3 de dades, el responsable del tractament \u00e9s INSE RAIL, SL.<\/p>\n<p>Si teniu cap pregunta o suggeriment respecte de protecci\u00f3 de dades personals, no dubteu a posar-vos en contacte amb nosaltres per correu electr\u00f2nic a CORREU ELECTR\u00d2NIC PER A LA LLEI DE PROTECCI\u00d3 DE DADES\u00a0<a href=\"mailto:lopd@inserail.es\">lopd@inserail.es<\/a>\u00a0o per correu postal a l\u2019adre\u00e7a d\u2019INSE RAIL, SL, (Avenida de Burgos n\u00fam. 12, Madrid 28036) a l\u2019atenci\u00f3 del Responsable de Protecci\u00f3 de Dades.<\/p>\n<p><strong>FINALITAT DEL TRACTAMENT<\/strong><\/p>\n<p>INSE RAIL, SL, us informa que en proporcionar aquesta informaci\u00f3 a trav\u00e9s de la web\u00a0<em>www.inserail.es<\/em>, autoritzeu expressament a incloure les vostres dades de car\u00e0cter personal en un fitxer responsabilitat d\u2019INSE RAIL, SL, amb la finalitat de:<\/p>\n<ul>\n<li><u>Treballar a INSE RAIL, SL<\/u>: s\u2019inclouran les dades personals facilitades a la nostra Borsa de Treball per a la seva correcta gesti\u00f3.<\/li>\n<li><u>Formulari comercial<\/u>: el tractament d\u2019aquestes amb car\u00e0cter comercial, a l\u2019efecte de facilitar a l\u2019usuari i mitjan\u00e7ant sempre la seva sol\u00b7licitud pr\u00e8via, tota aquella informaci\u00f3 sobre la nostra Companyia que li resulti d\u2019inter\u00e8s podent aportar-li informaci\u00f3 t\u00e8cnica, operativa i comercial sobre productes i serveis oferts per INSE RAIL, SL.<\/li>\n<\/ul>\n<p><strong>TRACTAMENT DE DADES PERSONALS<\/strong><\/p>\n<p>Ens assegurarem de processar les dades personals que ens proporcioneu per a la referida borsa de treball o en sol\u00b7licitar informaci\u00f3 comercial (per exemple, adre\u00e7a de correu electr\u00f2nic, n\u00famero de tel\u00e8fon) \u00fanicament amb els fins descrits en l\u2019apartat 2 d\u2019aquest av\u00eds de privacitat.<\/p>\n<p>La base legal per a aquest tractament \u00e9s el consentiment de l\u2019interessat \u2013art. 6 (1) (a) GDPR (<em>General Data Protection Regulation)<\/em>\u2013. Sense la provisi\u00f3 de les vostres dades personals, que ens heu proporcionat, no podem proporcionar-vos la nostra informaci\u00f3comercial.<\/p>\n<p><strong>SUPRESSI\u00d3 DE DADES PERSONALS<\/strong><\/p>\n<p>Suprimirem o anonimitzarem les vostres dades personals tan aviat com ja no siguin necess\u00e0ries per als fins per als quals les hem recopilat o utilitzat de conformitat amb els par\u00e0grafs anteriors, o b\u00e9 fins que revoqueu el vostre consentiment. Un cop suprimides, les dades personals es mantindran bloquejades durant els terminis de prescripci\u00f3 que estableix la legislaci\u00f3 aplicable. Per obtenir m\u00e9s detalls sobre el nostre concepte de retenci\u00f3 de dades, podeu comunicar-vos amb nosaltres per correu electr\u00f2nic al CORREU ELECTR\u00d2NIC D\u2019INSE RAIL PER A LA LLEI DE PROTECCI\u00d3 DE DADES(<a href=\"mailto:lopd@inserail.es\">lopd@inserail.es<\/a>).<\/p>\n<p><strong>ELS VOSTRES DRETS<\/strong><\/p>\n<p>El Reglament general de protecci\u00f3 de dades concedeix als interessats la possibilitat d\u2019exercir una s\u00e8rie de drets relacionats amb el tractament de les vostres dades personals.<\/p>\n<p>En qualsevol moment, podeu retirar el consentiment atorgat per als fins comercials descrits en l\u2019apartat 2 d\u2019aquest av\u00eds.<\/p>\n<p>Com que les vostres dades s\u00f3n objecte de tractament per part d\u2019INSE RAIL, SL, podreu exercir els drets d\u2019acc\u00e9s, rectificaci\u00f3, limitaci\u00f3 de tractament, supressi\u00f3, portabilitat i oposici\u00f3 al tractament de les vostres dades de car\u00e0cter personal, aix\u00ed com del consentiment prestat per al tractament d\u2019aquestes d\u2019acord amb la normativa legal vigent en mat\u00e8ria de protecci\u00f3 de dades personals i especialment d\u2019acord amb el Reglament general de protecci\u00f3 de dades.<\/p>\n<\/div><\/section>\n","protected":false},"excerpt":{"rendered":"","protected":false},"author":1,"featured_media":0,"parent":0,"menu_order":1000,"comment_status":"closed","ping_status":"closed","template":"","meta":{"footnotes":""},"class_list":["post-2039","page","type-page","status-publish","hentry"],"_links":{"self":[{"href":"https:\/\/inserail.es\/ca\/wp-json\/wp\/v2\/pages\/2039","targetHints":{"allow":["GET"]}}],"collection":[{"href":"https:\/\/inserail.es\/ca\/wp-json\/wp\/v2\/pages"}],"about":[{"href":"https:\/\/inserail.es\/ca\/wp-json\/wp\/v2\/types\/page"}],"author":[{"embeddable":true,"href":"https:\/\/inserail.es\/ca\/wp-json\/wp\/v2\/users\/1"}],"replies":[{"embeddable":true,"href":"https:\/\/inserail.es\/ca\/wp-json\/wp\/v2\/comments?post=2039"}],"version-history":[{"count":4,"href":"https:\/\/inserail.es\/ca\/wp-json\/wp\/v2\/pages\/2039\/revisions"}],"predecessor-version":[{"id":4899,"href":"https:\/\/inserail.es\/ca\/wp-json\/wp\/v2\/pages\/2039\/revisions\/4899"}],"wp:attachment":[{"href":"https:\/\/inserail.es\/ca\/wp-json\/wp\/v2\/media?parent=2039"}],"curies":[{"name":"wp","href":"https:\/\/api.w.org\/{rel}","templated":true}]}}