{"id":2037,"date":"2020-07-09T12:19:31","date_gmt":"2020-07-09T10:19:31","guid":{"rendered":"https:\/\/inserail.es\/avis-legal\/"},"modified":"2021-01-25T19:35:56","modified_gmt":"2021-01-25T18:35:56","slug":"avis-legal","status":"publish","type":"page","link":"https:\/\/inserail.es\/ca\/avis-legal\/","title":{"rendered":"Av\u00eds Legal"},"content":{"rendered":"<div style='padding-bottom:10px; ' class='av-special-heading av-special-heading-h1  blockquote modern-quote  avia-builder-el-0  el_before_av_textblock  avia-builder-el-first   '><h1 class='av-special-heading-tag '  itemprop=\"headline\"  > Av\u00eds Legal <\/h1><div class='special-heading-border'><div class='special-heading-inner-border' ><\/div><\/div><\/div>\n<section class=\"av_textblock_section \"  itemscope=\"itemscope\" itemtype=\"https:\/\/schema.org\/CreativeWork\" ><div class='avia_textblock  '   itemprop=\"text\" ><p>El presente aviso legal regula el uso del servicio del portal de Internet &#8220;www.inserail.es&#8221; que INSE RAIL, S.A. pone a disposici\u00f3n de los usuarios de Internet.<\/p>\n<p>USUARIOS:<\/p>\n<p>El acceso y\/o uso del sitio web de INSE RAIL, S.A. (www.inserail.es) atribuye a quien lo realiza la condici\u00f3n de usuario, aceptando, desde ese mismo momento, plenamente y sin reservas alguna, las presentes condiciones generales, as\u00ed como las condiciones particulares que, en su caso, complementen, modifiquen o sustituyan las condiciones generales en relaci\u00f3n con determinados servicios y contenidos del sitio web.<\/p>\n<p>USO DEL SITIO WEB, SUS SERVICIOS Y CONTENIDOS:<\/p>\n<p>El usuario se compromete a utilizar el sitio Web y sus servicios y contenidos sin contravenir la legislaci\u00f3n vigente, la buena fe, los usos generalmente aceptados y el orden p\u00fablico.<\/p>\n<p>As\u00ed mismo, queda prohibido, el uso del Web con fines il\u00edcitos o lesivos contra INSE RAIL, S.A. o cualquier tercero, o que, de cualquier forma, puedan causar perjuicio o impedir el normal funcionamiento del sitio Web.<\/p>\n<p>Respecto de los contenidos (informaciones, textos, gr\u00e1ficos, archivos de sonido y\/o imagen, fotograf\u00edas, dise\u00f1os, etc.), se proh\u00edbe:<\/p>\n<p>Su reproducci\u00f3n, distribuci\u00f3n o modificaci\u00f3n, a menos que se cuente con la autorizaci\u00f3n de sus leg\u00edtimos titulares o resulte legalmente permitido.<\/p>\n<p>Cualquier vulneraci\u00f3n de los derechos de INSE RAIL, S.A. o de sus leg\u00edtimos titulares sobre los mismos.<\/p>\n<p>Su utilizaci\u00f3n para todo tipo de fines comerciales o publicitarios, distintos de los estrictamente permitidos.<\/p>\n<p>Cualquier intento de obtener los contenidos del sitio Web por cualquier medio distinto de los que se pongan a disposici\u00f3n de los usuarios as\u00ed como de los que habitualmente se empleen en la red, siempre que no causen perjuicio alguno al sitio Web de INSE RAIL, S.A.<\/p>\n<p>MODIFICACION UNILATERAL:<\/p>\n<p>INSE RAIL, S.A. podr\u00e1 modificar unilateralmente y sin previo aviso, siempre que lo considere oportuno, la estructura y dise\u00f1o del sitio Web, as\u00ed como modificar o eliminar, los servicios, los contenidos y las condiciones de acceso y\/o uso del sitio Web.<\/p>\n<p>HIPERENLACES:<\/p>\n<p>Las p\u00e1ginas de www.inserail.es pueden proporcionar enlaces a otros contenidos que son propiedad de terceros. El \u00fanico objeto de los enlaces es proporcionar al USUARIO la posibilidad de complementar la informaci\u00f3n a trav\u00e9s de dichos enlaces. INSE RAIL, S.A. no se responsabiliza en ning\u00fan caso de los resultados que puedan derivarse al USUARIO por acceso a dichos enlaces.<\/p>\n<p>EXCLUSION DE GARANTIAS Y RESPONSABILIDAD:<\/p>\n<p>INSE RAIL, S.A. no otorga ninguna garant\u00eda ni se hace responsable, en ning\u00fan caso, de los da\u00f1os y perjuicios de cualquier naturaleza que pudieran traer causa de:<\/p>\n<p>La falta disponibilidad, mantenimiento y efectivo funcionamiento del Web y\/o de sus servicios o contenidos.<\/p>\n<p>La falta de utilidad, adecuaci\u00f3n o validez del Web y\/o de sus servicios o contenidos para satisfacer necesidades, actividades o resultados concretos o expectativas de los usuarios.<\/p>\n<p>La existencia de virus, programas maliciosos o lesivos en los contenidos.<\/p>\n<p>La recepci\u00f3n, obtenci\u00f3n, almacenamiento, difusi\u00f3n o transmisi\u00f3n, por parte de los usuarios, de los contenidos.<\/p>\n<p>El uso il\u00edcito, negligente, fraudulento, contrario a las presentes Condiciones Generales, a la buena fe, a los usos generalmente aceptados o al orden p\u00fablico, del sitio Web, sus servicios o contenidos, por parte de los usuarios.<\/p>\n<p>La falta de licitud, calidad, fiabilidad, utilidad y disponibilidad de los servicios prestados por terceros y puestos a disposici\u00f3n de los usuarios en el sitio Web.<\/p>\n<p>El incumplimiento por parte de terceros de sus obligaciones o compromisos en relaci\u00f3n con los servicios prestados a los usuarios a trav\u00e9s del sitio Web.<\/p>\n<p>DURACION:<\/p>\n<p>La duraci\u00f3n de la prestaci\u00f3n del servicio del sitio Web y de los servicios es de car\u00e1cter indefinido.<\/p>\n<p>Sin perjuicio de lo anterior, INSE RAIL, S.A. se reserva el derecho para, interrumpir, suspender o terminar la prestaci\u00f3n del servicio del Web o de cualquiera de los servicios que lo integran, en los mismos t\u00e9rminos que se recogen en la condici\u00f3n tercera.<\/p>\n<p>PROPIEDAD INTELECTUAL:<\/p>\n<p>A los efectos de preservar los posibles derechos de propiedad intelectual, en el caso de que cualquier usuario o un tercero considere que se ha producido una violaci\u00f3n de sus leg\u00edtimos derechos por la introducci\u00f3n de un determinado contenido en el Web, deber\u00e1 notificar dicha circunstancia a INSE RAIL, S.A. indicando:<\/p>\n<p>Datos personales del interesado titular de los derechos presuntamente infringidos. Si la reclamaci\u00f3n la presenta un tercero distinto del interesado, deber\u00e1 indicar la representaci\u00f3n con la que act\u00faa.<\/p>\n<p>Indicaci\u00f3n de los contenidos protegidos por los derechos de propiedad intelectual y su ubicaci\u00f3n en el Web.<\/p>\n<p>Acreditaci\u00f3n de los citados derechos de propiedad intelectual.<\/p>\n<p>Declaraci\u00f3n expresa en la que el interesado se responsabiliza de la veracidad de las informaciones facilitadas en la notificaci\u00f3n.<\/p>\n<p>La legitimidad de los derechos de propiedad intelectual o industrial correspondientes a los contenidos aportados por terceros es de la exclusiva responsabilidad de los mismos.<\/p>\n<p>LEGISLACION APLICABLE Y JURISDICCION:<\/p>\n<p>Las presentes Condiciones Generales se regir\u00e1n por la legislaci\u00f3n espa\u00f1ola<\/p>\n<p>INSE RAIL, S.A. y el usuario, con renuncia expresa a cualquier otro fuero que pudiera corresponderles, se someten al procedimiento de arbitraje, seg\u00fan Ley 60\/2003, de 23 de diciembre, de Arbitraje para cuantas cuestiones pudieran suscitarse derivadas de la prestaci\u00f3n del servicio del Web y de sus servicios y contenidos y sobre la interpretaci\u00f3n, aplicaci\u00f3n, cumplimiento o incumplimiento de lo aqu\u00ed establecido.<\/p>\n<\/div><\/section>\n","protected":false},"excerpt":{"rendered":"","protected":false},"author":1,"featured_media":0,"parent":0,"menu_order":1000,"comment_status":"closed","ping_status":"closed","template":"","meta":{"footnotes":""},"class_list":["post-2037","page","type-page","status-publish","hentry"],"_links":{"self":[{"href":"https:\/\/inserail.es\/ca\/wp-json\/wp\/v2\/pages\/2037","targetHints":{"allow":["GET"]}}],"collection":[{"href":"https:\/\/inserail.es\/ca\/wp-json\/wp\/v2\/pages"}],"about":[{"href":"https:\/\/inserail.es\/ca\/wp-json\/wp\/v2\/types\/page"}],"author":[{"embeddable":true,"href":"https:\/\/inserail.es\/ca\/wp-json\/wp\/v2\/users\/1"}],"replies":[{"embeddable":true,"href":"https:\/\/inserail.es\/ca\/wp-json\/wp\/v2\/comments?post=2037"}],"version-history":[{"count":3,"href":"https:\/\/inserail.es\/ca\/wp-json\/wp\/v2\/pages\/2037\/revisions"}],"predecessor-version":[{"id":4895,"href":"https:\/\/inserail.es\/ca\/wp-json\/wp\/v2\/pages\/2037\/revisions\/4895"}],"wp:attachment":[{"href":"https:\/\/inserail.es\/ca\/wp-json\/wp\/v2\/media?parent=2037"}],"curies":[{"name":"wp","href":"https:\/\/api.w.org\/{rel}","templated":true}]}}