{"id":2029,"date":"2020-07-09T12:14:41","date_gmt":"2020-07-09T10:14:41","guid":{"rendered":"https:\/\/inserail.es\/noticies\/"},"modified":"2021-01-25T19:31:19","modified_gmt":"2021-01-25T18:31:19","slug":"noticies","status":"publish","type":"page","link":"https:\/\/inserail.es\/ca\/noticies\/","title":{"rendered":"Not\u00edcies"},"content":{"rendered":"<div id='full_slider_1' class='avia-fullwidth-slider main_color avia-shadow   avia-builder-el-0  el_before_av_one_full  avia-builder-el-first   container_wrap sidebar_left' style=' '  ><div  data-size='no scaling'  data-lightbox_size='large'  data-animation='slide'  data-conditional_play=''  data-ids='995'  data-video_counter='0'  data-autoplay='false'  data-bg_slider='false'  data-slide_height=''  data-handle='av_slideshow_full'  data-interval='5'  data-class=' '  data-css_id=''  data-scroll_down=''  data-control_layout='av-control-default'  data-custom_markup=''  data-perma_caption=''  data-autoplay_stopper=''  data-image_attachment=''  data-min_height='0px'  data-src=''  data-position='top left'  data-repeat='no-repeat'  data-attach='scroll'  data-stretch=''  class='avia-slideshow avia-slideshow-1  av-control-default av-default-height-applied avia-slideshow-no scaling av_slideshow_full   avia-slide-slider '  itemprop=\"image\" itemscope=\"itemscope\" itemtype=\"https:\/\/schema.org\/ImageObject\" ><ul class='avia-slideshow-inner ' style='padding-bottom: 32.8125%;' ><li  class=' av-single-slide slide-1 ' ><div data-rel='slideshow-1' class='avia-slide-wrap '   ><div class = \"caption_fullwidth av-slideshow-caption caption_left\"><div class = \"container caption_container\"><div class = \"slideshow_caption\"><div class = \"slideshow_inner_caption\"><div class = \"slideshow_align_caption\"><h2  class='avia-caption-title  '  itemprop=\"name\" >NOT\u00cdCIES<\/h2><\/div><\/div><\/div><\/div><\/div><img src='https:\/\/inserail.es\/wp-content\/uploads\/2019\/09\/cabecera_noticias_1920x630.jpg' width='1920' height='630' title='cabecera_noticias_1920x630' alt='Inse Rail Noticias'  itemprop=\"thumbnailUrl\"   \/><\/div><\/li><\/ul><\/div><\/div><div id='after_full_slider_1' class='main_color av_default_container_wrap container_wrap sidebar_left' style=' '  ><div class='container' ><div class='template-page content  av-content-small units'><div class='post-entry post-entry-type-page post-entry-2029'><div class='entry-content-wrapper clearfix'>\n<div class=\"flex_column av_one_full  av-animated-generic bottom-to-top  flex_column_div av-zero-column-padding first  avia-builder-el-1  el_after_av_slideshow_full  avia-builder-el-no-sibling   \" style='border-radius:0px; '><div class='av-alb-blogposts template-blog  av-blog-meta-author-disabled av-blog-meta-comments-disabled av-blog-meta-tag-disabled '  itemscope=\"itemscope\" itemtype=\"https:\/\/schema.org\/Blog\" ><article class='post-entry post-entry-type-gallery post-entry-7509 post-loop-1 post-parity-odd single-big with-slider post-7509 post type-post status-publish format-gallery has-post-thumbnail hentry category-disseny post_format-post-format-gallery'  itemscope=\"itemscope\" itemtype=\"https:\/\/schema.org\/BlogPosting\" ><div class='blog-meta'><\/div><div class='entry-content-wrapper clearfix gallery-content'><header class=\"entry-content-header\"><div class=\"av-heading-wrapper\"><span class=\"blog-categories minor-meta\"><a href=\"https:\/\/inserail.es\/ca\/seccionesnoticias\/disseny\/\" rel=\"tag\">Disseny<\/a> <\/span><h2 class='post-title entry-title '  itemprop=\"headline\" >\t<a href='https:\/\/inserail.es\/ca\/inse-rail-redactara-el-projecte-de-desmuntatge-de-via-a-la-integracio-de-sant-feliu-de-llobregat\/' rel='bookmark' title='Permanent Link: Inse Rail redactar\u00e0 el projecte de desmuntatge de via a la integraci\u00f3 de Sant Feliu de Llobregat'>Inse Rail redactar\u00e0 el projecte de desmuntatge de via a la integraci\u00f3 de Sant Feliu de Llobregat\t\t\t<span class='post-format-icon minor-meta'><\/span>\t<\/a><\/h2><span class='post-meta-infos by_john'><time class='date-container minor-meta updated' >30 gener, 2026<\/time><\/span><\/div><\/header><span class=\"av-vertical-delimiter by_john\"><\/span><div class=\"big-preview single-big\"><a href=\"https:\/\/inserail.es\/ca\/inse-rail-redactara-el-projecte-de-desmuntatge-de-via-a-la-integracio-de-sant-feliu-de-llobregat\/\" title=\"Inse Rail redactar\u00e0 el projecte de desmuntatge de via a la integraci\u00f3 de Sant Feliu de Llobregat\"><img loading=\"lazy\" decoding=\"async\" width=\"845\" height=\"321\" src=\"https:\/\/inserail.es\/wp-content\/uploads\/2026\/01\/Desmontaje-via-Sant-Feliu-Llobregat_inserail-845x321.jpg\" class=\"attachment-entry_with_sidebar size-entry_with_sidebar wp-post-image\" alt=\"\" \/><\/a><\/div><div class=\"entry-content\"  itemprop=\"text\" ><p>El projecte permetr\u00e0 eliminar el darrer rastre del ferrocarril en superf\u00edcie a l&#8217;altura del nucli urb\u00e0 de la ciutat<\/p>\n<div class=\"read-more-link\"><a href=\"https:\/\/inserail.es\/ca\/inse-rail-redactara-el-projecte-de-desmuntatge-de-via-a-la-integracio-de-sant-feliu-de-llobregat\/\" class=\"more-link\">Llegir m\u00e9s<span class=\"more-link-arrow\"><\/span><\/a><\/div>\n<\/div><hr class=\"johns_post_resume_seperator\"><footer class=\"entry-footer\"><\/footer><div class='post_delimiter'><\/div><\/div><div class='post_author_timeline'><\/div><span class='hidden'>\n\t\t\t<span class='av-structured-data'  itemprop=\"image\" itemscope=\"itemscope\" itemtype=\"https:\/\/schema.org\/ImageObject\"  itemprop='image'>\n\t\t\t\t\t   <span itemprop='url' >https:\/\/inserail.es\/wp-content\/uploads\/2026\/01\/Desmontaje-via-Sant-Feliu-Llobregat_inserail.jpg<\/span>\n\t\t\t\t\t   <span itemprop='height' >900<\/span>\n\t\t\t\t\t   <span itemprop='width' >1600<\/span>\n\t\t\t\t  <\/span><span class='av-structured-data'  itemprop=\"publisher\" itemtype=\"https:\/\/schema.org\/Organization\" itemscope=\"itemscope\" >\n\t\t\t\t<span itemprop='name'>Jaime Ca\u00f1edo<\/span>\n\t\t\t\t<span itemprop='logo' itemscope itemtype='https:\/\/schema.org\/ImageObject'>\n\t\t\t\t   <span itemprop='url'>https:\/\/inserail.es\/wp-content\/uploads\/2019\/08\/LOGO_INSERAIL.png<\/span>\n\t\t\t\t <\/span>\n\t\t\t  <\/span><span class='av-structured-data'  itemprop=\"author\" itemscope=\"itemscope\" itemtype=\"https:\/\/schema.org\/Person\" ><span itemprop='name'>Jaime Ca\u00f1edo<\/span><\/span><span class='av-structured-data'  itemprop=\"datePublished\" datetime=\"2026-01-30T19:51:59+01:00\" >2026-01-30 19:51:59<\/span><span class='av-structured-data'  itemprop=\"dateModified\" itemtype=\"https:\/\/schema.org\/dateModified\" >2026-02-02 19:53:21<\/span><span class='av-structured-data'  itemprop=\"mainEntityOfPage\" itemtype=\"https:\/\/schema.org\/mainEntityOfPage\" ><span itemprop='name'>Inse Rail redactar\u00e0 el projecte de desmuntatge de via a la integraci\u00f3 de Sant Feliu de Llobregat<\/span><\/span><\/span><\/article><article class='post-entry post-entry-type-gallery post-entry-7496 post-loop-2 post-parity-even single-big with-slider post-7496 post type-post status-publish format-gallery has-post-thumbnail hentry category-disseny post_format-post-format-gallery'  itemscope=\"itemscope\" itemtype=\"https:\/\/schema.org\/BlogPosting\" ><div class='blog-meta'><\/div><div class='entry-content-wrapper clearfix gallery-content'><header class=\"entry-content-header\"><div class=\"av-heading-wrapper\"><span class=\"blog-categories minor-meta\"><a href=\"https:\/\/inserail.es\/ca\/seccionesnoticias\/disseny\/\" rel=\"tag\">Disseny<\/a> <\/span><h2 class='post-title entry-title '  itemprop=\"headline\" >\t<a href='https:\/\/inserail.es\/ca\/inse-rail-participara-en-la-redaccio-dels-projectes-de-construccio-per-a-la-millora-i-renovacio-del-tram-castejon-logrono-a-laltura-de-la-rioja\/' rel='bookmark' title='Permanent Link: Inse Rail participar\u00e0 en la redacci\u00f3 dels projectes de construcci\u00f3 per a la millora i renovaci\u00f3 del tram Castej\u00f3n-Logro\u00f1o a l&#8217;altura de La Rioja'>Inse Rail participar\u00e0 en la redacci\u00f3 dels projectes de construcci\u00f3 per a la millora i renovaci\u00f3 del tram Castej\u00f3n-Logro\u00f1o a l&#8217;altura de La Rioja\t\t\t<span class='post-format-icon minor-meta'><\/span>\t<\/a><\/h2><span class='post-meta-infos by_john'><time class='date-container minor-meta updated' >28 novembre, 2025<\/time><\/span><\/div><\/header><span class=\"av-vertical-delimiter by_john\"><\/span><div class=\"big-preview single-big\"><a href=\"https:\/\/inserail.es\/ca\/inse-rail-participara-en-la-redaccio-dels-projectes-de-construccio-per-a-la-millora-i-renovacio-del-tram-castejon-logrono-a-laltura-de-la-rioja\/\" title=\"Inse Rail participar\u00e0 en la redacci\u00f3 dels projectes de construcci\u00f3 per a la millora i renovaci\u00f3 del tram Castej\u00f3n-Logro\u00f1o a l&#8217;altura de La Rioja\"><img loading=\"lazy\" decoding=\"async\" width=\"845\" height=\"321\" src=\"https:\/\/inserail.es\/wp-content\/uploads\/2025\/11\/Alcanadre_inserail-845x321.webp\" class=\"attachment-entry_with_sidebar size-entry_with_sidebar wp-post-image\" alt=\"\" \/><\/a><\/div><div class=\"entry-content\"  itemprop=\"text\" ><p>Els projectes definiran totes les actuacions necess\u00e0ries per adequar el corredor ferroviari actual, a velocitats m\u00e0ximes de disseny m\u00e9s altes respecte de les actuals per permetre temps de viatge m\u00e9s competitius, des dels 48 minuts fins a la mitja hora, amb m\u00e0ximes de 200-220 km\/h (enfront dels 140 km\/h actuals).<\/p>\n<div class=\"read-more-link\"><a href=\"https:\/\/inserail.es\/ca\/inse-rail-participara-en-la-redaccio-dels-projectes-de-construccio-per-a-la-millora-i-renovacio-del-tram-castejon-logrono-a-laltura-de-la-rioja\/\" class=\"more-link\">Llegir m\u00e9s<span class=\"more-link-arrow\"><\/span><\/a><\/div>\n<\/div><hr class=\"johns_post_resume_seperator\"><footer class=\"entry-footer\"><\/footer><div class='post_delimiter'><\/div><\/div><div class='post_author_timeline'><\/div><span class='hidden'>\n\t\t\t<span class='av-structured-data'  itemprop=\"image\" itemscope=\"itemscope\" itemtype=\"https:\/\/schema.org\/ImageObject\"  itemprop='image'>\n\t\t\t\t\t   <span itemprop='url' >https:\/\/inserail.es\/wp-content\/uploads\/2025\/11\/Alcanadre_inserail.webp<\/span>\n\t\t\t\t\t   <span itemprop='height' >594<\/span>\n\t\t\t\t\t   <span itemprop='width' >1000<\/span>\n\t\t\t\t  <\/span><span class='av-structured-data'  itemprop=\"publisher\" itemtype=\"https:\/\/schema.org\/Organization\" itemscope=\"itemscope\" >\n\t\t\t\t<span itemprop='name'>Jaime Ca\u00f1edo<\/span>\n\t\t\t\t<span itemprop='logo' itemscope itemtype='https:\/\/schema.org\/ImageObject'>\n\t\t\t\t   <span itemprop='url'>https:\/\/inserail.es\/wp-content\/uploads\/2019\/08\/LOGO_INSERAIL.png<\/span>\n\t\t\t\t <\/span>\n\t\t\t  <\/span><span class='av-structured-data'  itemprop=\"author\" itemscope=\"itemscope\" itemtype=\"https:\/\/schema.org\/Person\" ><span itemprop='name'>Jaime Ca\u00f1edo<\/span><\/span><span class='av-structured-data'  itemprop=\"datePublished\" datetime=\"2025-11-28T17:32:37+01:00\" >2025-11-28 17:32:37<\/span><span class='av-structured-data'  itemprop=\"dateModified\" itemtype=\"https:\/\/schema.org\/dateModified\" >2025-12-03 17:34:29<\/span><span class='av-structured-data'  itemprop=\"mainEntityOfPage\" itemtype=\"https:\/\/schema.org\/mainEntityOfPage\" ><span itemprop='name'>Inse Rail participar\u00e0 en la redacci\u00f3 dels projectes de construcci\u00f3 per a la millora i renovaci\u00f3 del tram Castej\u00f3n-Logro\u00f1o a l'altura de La Rioja<\/span><\/span><\/span><\/article><article class='post-entry post-entry-type-gallery post-entry-7475 post-loop-3 post-parity-odd single-big with-slider post-7475 post type-post status-publish format-gallery has-post-thumbnail hentry category-explotacio-i-manteniment post_format-post-format-gallery'  itemscope=\"itemscope\" itemtype=\"https:\/\/schema.org\/BlogPosting\" ><div class='blog-meta'><\/div><div class='entry-content-wrapper clearfix gallery-content'><header class=\"entry-content-header\"><div class=\"av-heading-wrapper\"><span class=\"blog-categories minor-meta\"><a href=\"https:\/\/inserail.es\/ca\/seccionesnoticias\/explotacio-i-manteniment\/\" rel=\"tag\">Explotaci\u00f3 i Manteniment<\/a> <\/span><h2 class='post-title entry-title '  itemprop=\"headline\" >\t<a href='https:\/\/inserail.es\/ca\/inse-rail-sadjudica-el-contracte-dassistencia-tecnica-al-manteniment-integral-de-la-superestructura-de-via-de-metro-de-madrid-lot-2\/' rel='bookmark' title='Permanent Link: Inse Rail s&#8217;adjudica el contracte d&#8217;assist\u00e8ncia t\u00e8cnica al manteniment integral de la superestructura de via de metro de Madrid (Lot 2)'>Inse Rail s&#8217;adjudica el contracte d&#8217;assist\u00e8ncia t\u00e8cnica al manteniment integral de la superestructura de via de metro de Madrid (Lot 2)\t\t\t<span class='post-format-icon minor-meta'><\/span>\t<\/a><\/h2><span class='post-meta-infos by_john'><time class='date-container minor-meta updated' >28 octubre, 2025<\/time><\/span><\/div><\/header><span class=\"av-vertical-delimiter by_john\"><\/span><div class=\"big-preview single-big\"><a href=\"https:\/\/inserail.es\/ca\/inse-rail-sadjudica-el-contracte-dassistencia-tecnica-al-manteniment-integral-de-la-superestructura-de-via-de-metro-de-madrid-lot-2\/\" title=\"Inse Rail s&#8217;adjudica el contracte d&#8217;assist\u00e8ncia t\u00e8cnica al manteniment integral de la superestructura de via de metro de Madrid (Lot 2)\"><img loading=\"lazy\" decoding=\"async\" width=\"512\" height=\"321\" src=\"https:\/\/inserail.es\/wp-content\/uploads\/2025\/10\/metro_madrid_inserail_2-512x321.jpeg\" class=\"attachment-entry_with_sidebar size-entry_with_sidebar wp-post-image\" alt=\"\" \/><\/a><\/div><div class=\"entry-content\"  itemprop=\"text\" ><p>Segons el pla d&#8217;actuaci\u00f3, les obres comen\u00e7aran els pr\u00f2xims mesos i duraran quatre anys<\/p>\n<div class=\"read-more-link\"><a href=\"https:\/\/inserail.es\/ca\/inse-rail-sadjudica-el-contracte-dassistencia-tecnica-al-manteniment-integral-de-la-superestructura-de-via-de-metro-de-madrid-lot-2\/\" class=\"more-link\">Llegir m\u00e9s<span class=\"more-link-arrow\"><\/span><\/a><\/div>\n<\/div><hr class=\"johns_post_resume_seperator\"><footer class=\"entry-footer\"><\/footer><div class='post_delimiter'><\/div><\/div><div class='post_author_timeline'><\/div><span class='hidden'>\n\t\t\t<span class='av-structured-data'  itemprop=\"image\" itemscope=\"itemscope\" itemtype=\"https:\/\/schema.org\/ImageObject\"  itemprop='image'>\n\t\t\t\t\t   <span itemprop='url' >https:\/\/inserail.es\/wp-content\/uploads\/2025\/10\/metro_madrid_inserail_2.jpeg<\/span>\n\t\t\t\t\t   <span itemprop='height' >384<\/span>\n\t\t\t\t\t   <span itemprop='width' >512<\/span>\n\t\t\t\t  <\/span><span class='av-structured-data'  itemprop=\"publisher\" itemtype=\"https:\/\/schema.org\/Organization\" itemscope=\"itemscope\" >\n\t\t\t\t<span itemprop='name'>Jaime Ca\u00f1edo<\/span>\n\t\t\t\t<span itemprop='logo' itemscope itemtype='https:\/\/schema.org\/ImageObject'>\n\t\t\t\t   <span itemprop='url'>https:\/\/inserail.es\/wp-content\/uploads\/2019\/08\/LOGO_INSERAIL.png<\/span>\n\t\t\t\t <\/span>\n\t\t\t  <\/span><span class='av-structured-data'  itemprop=\"author\" itemscope=\"itemscope\" itemtype=\"https:\/\/schema.org\/Person\" ><span itemprop='name'>Jaime Ca\u00f1edo<\/span><\/span><span class='av-structured-data'  itemprop=\"datePublished\" datetime=\"2025-10-28T21:04:30+01:00\" >2025-10-28 21:04:30<\/span><span class='av-structured-data'  itemprop=\"dateModified\" itemtype=\"https:\/\/schema.org\/dateModified\" >2025-11-03 21:12:03<\/span><span class='av-structured-data'  itemprop=\"mainEntityOfPage\" itemtype=\"https:\/\/schema.org\/mainEntityOfPage\" ><span itemprop='name'>Inse Rail s'adjudica el contracte d'assist\u00e8ncia t\u00e8cnica al manteniment integral de la superestructura de via de metro de Madrid (Lot 2)<\/span><\/span><\/span><\/article><article class='post-entry post-entry-type-gallery post-entry-7463 post-loop-4 post-parity-even post-entry-last single-big with-slider post-7463 post type-post status-publish format-gallery has-post-thumbnail hentry category-enginyeria-de-construccio post_format-post-format-gallery'  itemscope=\"itemscope\" itemtype=\"https:\/\/schema.org\/BlogPosting\" ><div class='blog-meta'><\/div><div class='entry-content-wrapper clearfix gallery-content'><header class=\"entry-content-header\"><div class=\"av-heading-wrapper\"><span class=\"blog-categories minor-meta\"><a href=\"https:\/\/inserail.es\/ca\/seccionesnoticias\/enginyeria-de-construccio\/\" rel=\"tag\">Enginyeria de Construcci\u00f3<\/a> <\/span><h2 class='post-title entry-title '  itemprop=\"headline\" >\t<a href='https:\/\/inserail.es\/ca\/adif-adjudica-a-inse-rail-la-supervisio-de-les-obres-per-a-la-renovacio-de-les-instal%c2%b7lacions-de-seguretat-del-tram-penalajo-espeluy-linia-400\/' rel='bookmark' title='Permanent Link: ADIF adjudica a Inse Rail la supervisi\u00f3 de les obres per a la renovaci\u00f3 de les instal\u00b7lacions de seguretat del tram Pe\u00f1alajo-Espeluy, l\u00ednia 400'>ADIF adjudica a Inse Rail la supervisi\u00f3 de les obres per a la renovaci\u00f3 de les instal\u00b7lacions de seguretat del tram Pe\u00f1alajo-Espeluy, l\u00ednia 400\t\t\t<span class='post-format-icon minor-meta'><\/span>\t<\/a><\/h2><span class='post-meta-infos by_john'><time class='date-container minor-meta updated' >15 octubre, 2025<\/time><\/span><\/div><\/header><span class=\"av-vertical-delimiter by_john\"><\/span><div class=\"big-preview single-big\"><a href=\"https:\/\/inserail.es\/ca\/adif-adjudica-a-inse-rail-la-supervisio-de-les-obres-per-a-la-renovacio-de-les-instal%c2%b7lacions-de-seguretat-del-tram-penalajo-espeluy-linia-400\/\" title=\"ADIF adjudica a Inse Rail la supervisi\u00f3 de les obres per a la renovaci\u00f3 de les instal\u00b7lacions de seguretat del tram Pe\u00f1alajo-Espeluy, l\u00ednia 400\"><img loading=\"lazy\" decoding=\"async\" width=\"710\" height=\"321\" src=\"https:\/\/inserail.es\/wp-content\/uploads\/2025\/10\/IISS_penalajo_espeluy_inserail_-710x321.png\" class=\"attachment-entry_with_sidebar size-entry_with_sidebar wp-post-image\" alt=\"\" \/><\/a><\/div><div class=\"entry-content\"  itemprop=\"text\" ><p>La renovaci\u00f3 contempla la instal\u00b7laci\u00f3 d&#8217;equips nous de senyalitzaci\u00f3 d&#8217;\u00faltima generaci\u00f3, juntament amb la implementaci\u00f3 de sistemes de control i comandament centralitzat<\/p>\n<div class=\"read-more-link\"><a href=\"https:\/\/inserail.es\/ca\/adif-adjudica-a-inse-rail-la-supervisio-de-les-obres-per-a-la-renovacio-de-les-instal%c2%b7lacions-de-seguretat-del-tram-penalajo-espeluy-linia-400\/\" class=\"more-link\">Llegir m\u00e9s<span class=\"more-link-arrow\"><\/span><\/a><\/div>\n<\/div><hr class=\"johns_post_resume_seperator\"><footer class=\"entry-footer\"><\/footer><div class='post_delimiter'><\/div><\/div><div class='post_author_timeline'><\/div><span class='hidden'>\n\t\t\t<span class='av-structured-data'  itemprop=\"image\" itemscope=\"itemscope\" itemtype=\"https:\/\/schema.org\/ImageObject\"  itemprop='image'>\n\t\t\t\t\t   <span itemprop='url' >https:\/\/inserail.es\/wp-content\/uploads\/2025\/10\/IISS_penalajo_espeluy_inserail_.png<\/span>\n\t\t\t\t\t   <span itemprop='height' >345<\/span>\n\t\t\t\t\t   <span itemprop='width' >710<\/span>\n\t\t\t\t  <\/span><span class='av-structured-data'  itemprop=\"publisher\" itemtype=\"https:\/\/schema.org\/Organization\" itemscope=\"itemscope\" >\n\t\t\t\t<span itemprop='name'>Jaime Ca\u00f1edo<\/span>\n\t\t\t\t<span itemprop='logo' itemscope itemtype='https:\/\/schema.org\/ImageObject'>\n\t\t\t\t   <span itemprop='url'>https:\/\/inserail.es\/wp-content\/uploads\/2019\/08\/LOGO_INSERAIL.png<\/span>\n\t\t\t\t <\/span>\n\t\t\t  <\/span><span class='av-structured-data'  itemprop=\"author\" itemscope=\"itemscope\" itemtype=\"https:\/\/schema.org\/Person\" ><span itemprop='name'>Jaime Ca\u00f1edo<\/span><\/span><span class='av-structured-data'  itemprop=\"datePublished\" datetime=\"2025-10-15T21:05:59+02:00\" >2025-10-15 21:05:59<\/span><span class='av-structured-data'  itemprop=\"dateModified\" itemtype=\"https:\/\/schema.org\/dateModified\" >2025-11-03 21:12:25<\/span><span class='av-structured-data'  itemprop=\"mainEntityOfPage\" itemtype=\"https:\/\/schema.org\/mainEntityOfPage\" ><span itemprop='name'>ADIF adjudica a Inse Rail la supervisi\u00f3 de les obres per a la renovaci\u00f3 de les instal\u00b7lacions de seguretat del tram Pe\u00f1alajo-Espeluy, l\u00ednia 400<\/span><\/span><\/span><\/article><div class='single-big'><nav class='pagination'><span class='pagination-meta'>P\u00e0gina 1 de 20<\/span><span class='current'>1<\/span><a href='https:\/\/inserail.es\/ca\/wp-json\/wp\/v2\/pages\/2029\/page\/2\/' class='inactive next_page' >2<\/a><a href='https:\/\/inserail.es\/ca\/wp-json\/wp\/v2\/pages\/2029\/page\/3\/' class='inactive' >3<\/a><a href='https:\/\/inserail.es\/ca\/wp-json\/wp\/v2\/pages\/2029\/page\/2\/'>&rsaquo;<\/a><a href='https:\/\/inserail.es\/ca\/wp-json\/wp\/v2\/pages\/2029\/page\/20\/'>&raquo;<\/a><\/nav>\n<\/div><\/div><\/div>\n","protected":false},"excerpt":{"rendered":"","protected":false},"author":1,"featured_media":0,"parent":0,"menu_order":50,"comment_status":"closed","ping_status":"closed","template":"","meta":{"footnotes":""},"class_list":["post-2029","page","type-page","status-publish","hentry"],"_links":{"self":[{"href":"https:\/\/inserail.es\/ca\/wp-json\/wp\/v2\/pages\/2029","targetHints":{"allow":["GET"]}}],"collection":[{"href":"https:\/\/inserail.es\/ca\/wp-json\/wp\/v2\/pages"}],"about":[{"href":"https:\/\/inserail.es\/ca\/wp-json\/wp\/v2\/types\/page"}],"author":[{"embeddable":true,"href":"https:\/\/inserail.es\/ca\/wp-json\/wp\/v2\/users\/1"}],"replies":[{"embeddable":true,"href":"https:\/\/inserail.es\/ca\/wp-json\/wp\/v2\/comments?post=2029"}],"version-history":[{"count":5,"href":"https:\/\/inserail.es\/ca\/wp-json\/wp\/v2\/pages\/2029\/revisions"}],"predecessor-version":[{"id":4887,"href":"https:\/\/inserail.es\/ca\/wp-json\/wp\/v2\/pages\/2029\/revisions\/4887"}],"wp:attachment":[{"href":"https:\/\/inserail.es\/ca\/wp-json\/wp\/v2\/media?parent=2029"}],"curies":[{"name":"wp","href":"https:\/\/api.w.org\/{rel}","templated":true}]}}