{"id":2025,"date":"2020-07-09T12:12:07","date_gmt":"2020-07-09T10:12:07","guid":{"rendered":"https:\/\/inserail.es\/serveis\/"},"modified":"2021-01-25T19:25:57","modified_gmt":"2021-01-25T18:25:57","slug":"serveis","status":"publish","type":"page","link":"https:\/\/inserail.es\/ca\/serveis\/","title":{"rendered":"Serveis"},"content":{"rendered":"<div id='full_slider_1' class='avia-fullwidth-slider main_color avia-shadow   avia-builder-el-0  el_before_av_heading  avia-builder-el-first   container_wrap sidebar_left' style=' '  ><div  data-size='no scaling'  data-lightbox_size='large'  data-animation='slide'  data-conditional_play=''  data-ids='997'  data-video_counter='0'  data-autoplay='false'  data-bg_slider='false'  data-slide_height=''  data-handle='av_slideshow_full'  data-interval='5'  data-class=' '  data-css_id=''  data-scroll_down=''  data-control_layout='av-control-default'  data-custom_markup=''  data-perma_caption=''  data-autoplay_stopper=''  data-image_attachment=''  data-min_height='0px'  data-src=''  data-position='top left'  data-repeat='no-repeat'  data-attach='scroll'  data-stretch=''  class='avia-slideshow avia-slideshow-1  av-control-default av-default-height-applied avia-slideshow-no scaling av_slideshow_full   avia-slide-slider '  itemprop=\"image\" itemscope=\"itemscope\" itemtype=\"https:\/\/schema.org\/ImageObject\" ><ul class='avia-slideshow-inner ' style='padding-bottom: 32.8125%;' ><li  class=' av-single-slide slide-1 ' ><div data-rel='slideshow-1' class='avia-slide-wrap '   ><div class = \"caption_fullwidth av-slideshow-caption caption_left\"><div class = \"container caption_container\"><div class = \"slideshow_caption\"><div class = \"slideshow_inner_caption\"><div class = \"slideshow_align_caption\"><h2  class='avia-caption-title  '  itemprop=\"name\" >TOTES LES ETAPES DEL PROJECTE<\/h2><\/div><\/div><\/div><\/div><\/div><img src='https:\/\/inserail.es\/wp-content\/uploads\/2019\/09\/cabecera_servicios_1920x630.jpg' width='1920' height='630' title='cabecera_servicios_1920x630' alt='Inse Rail Servicios'  itemprop=\"thumbnailUrl\"   \/><\/div><\/li><\/ul><\/div><\/div><div id='after_full_slider_1' class='main_color av_default_container_wrap container_wrap sidebar_left' style=' '  ><div class='container' ><div class='template-page content  av-content-small units'><div class='post-entry post-entry-type-page post-entry-2025'><div class='entry-content-wrapper clearfix'>\n<div style='padding-bottom:10px; ' class='av-special-heading av-special-heading-h1  blockquote modern-quote  avia-builder-el-1  el_after_av_slideshow_full  el_before_av_textblock  avia-builder-el-first   '><h1 class='av-special-heading-tag '  itemprop=\"headline\"  >SERVEIS <\/h1><div class='special-heading-border'><div class='special-heading-inner-border' ><\/div><\/div><\/div>\n<section class=\"av_textblock_section \"  itemscope=\"itemscope\" itemtype=\"https:\/\/schema.org\/CreativeWork\" ><div class='avia_textblock  '   itemprop=\"text\" ><p>Desenvolupem la nostra activitat en les diferents etapes de planificaci\u00f3, disseny, construcci\u00f3 i explotaci\u00f3 de les inversions, amb un equip hum\u00e0 multidisciplinari, altament qualificat i expert en les diverses branques de l\u2019enginyeria i arquitectura.<\/p>\n<\/div><\/section>\n<div class=\"flex_column av_one_full  flex_column_div av-zero-column-padding first  avia-builder-el-3  el_after_av_textblock  el_before_av_one_half  column-top-margin\" style='border-radius:0px; '><div style='height:22px' class='hr hr-invisible   avia-builder-el-4  avia-builder-el-no-sibling  '><span class='hr-inner ' ><span class='hr-inner-style'><\/span><\/span><\/div><\/div>\n<div class='flex_column_table av-equal-height-column-flextable -flextable' ><div class=\"flex_column av_one_half  av-animated-generic bottom-to-top  flex_column_table_cell av-equal-height-column av-align-top av-zero-column-padding first  avia-builder-el-5  el_after_av_one_full  el_before_av_one_half   column-top-margin\" style='border-radius:0px; '><p><div class='avia-image-container  av-styling-no-styling    avia-builder-el-6  el_before_av_heading  avia-builder-el-first   avia-align- '  itemprop=\"image\" itemscope=\"itemscope\" itemtype=\"https:\/\/schema.org\/ImageObject\"  ><div class='avia-image-container-inner'><div class='avia-image-overlay-wrap'><img class='avia_image' src='https:\/\/inserail.es\/wp-content\/uploads\/2020\/01\/img1-Servicios-Consultoria.png' alt='' title='img1-Servicios-Consultoria' height=\"216\" width=\"567\"  itemprop=\"thumbnailUrl\"  \/><\/div><\/div><\/div><br \/>\n<div style='padding-bottom:10px; ' class='av-special-heading av-special-heading-h2  blockquote modern-quote  avia-builder-el-7  el_after_av_image  el_before_av_textblock   '><h2 class='av-special-heading-tag '  itemprop=\"headline\"  >CONSULTORIA <\/h2><div class='special-heading-border'><div class='special-heading-inner-border' ><\/div><\/div><\/div><br \/>\n<section class=\"av_textblock_section \"  itemscope=\"itemscope\" itemtype=\"https:\/\/schema.org\/CreativeWork\" ><div class='avia_textblock  '   itemprop=\"text\" ><p>Planificaci\u00f3<br \/>\nEstudis previs<br \/>\nEstudis de demanda<br \/>\nEstudis funcionals<br \/>\nEstudis informatius<br \/>\nEstudis de viabilitat d\u2019inversions<br \/>\nEstudis economicofinancers<br \/>\nModels i simulacions<br \/>\nConsultoria de negoci i operacions<\/p>\n<\/div><\/section><\/p><\/div>\n<div class='av-flex-placeholder'><\/div><div class=\"flex_column av_one_half  av-animated-generic bottom-to-top  flex_column_table_cell av-equal-height-column av-align-top av-zero-column-padding   avia-builder-el-9  el_after_av_one_half  el_before_av_one_full   column-top-margin\" style='border-radius:0px; '><p><div class='avia-image-container  av-styling-no-styling    avia-builder-el-10  el_before_av_heading  avia-builder-el-first   avia-align- '  itemprop=\"image\" itemscope=\"itemscope\" itemtype=\"https:\/\/schema.org\/ImageObject\"  ><div class='avia-image-container-inner'><div class='avia-image-overlay-wrap'><img class='avia_image' src='https:\/\/inserail.es\/wp-content\/uploads\/2020\/01\/img3-Servicios-Dise\u00f1o.png' alt='' title='img3-Servicios-Dise\u00f1o' height=\"216\" width=\"567\"  itemprop=\"thumbnailUrl\"  \/><\/div><\/div><\/div><br \/>\n<div style='padding-bottom:10px; ' class='av-special-heading av-special-heading-h2  blockquote modern-quote  avia-builder-el-11  el_after_av_image  el_before_av_textblock   '><h2 class='av-special-heading-tag '  itemprop=\"headline\"  >DISSENY <\/h2><div class='special-heading-border'><div class='special-heading-inner-border' ><\/div><\/div><\/div><br \/>\n<section class=\"av_textblock_section \"  itemscope=\"itemscope\" itemtype=\"https:\/\/schema.org\/CreativeWork\" ><div class='avia_textblock  '   itemprop=\"text\" ><p>Enginyeria b\u00e0sica i de detall<br \/>\nEnginyeria d\u2019integraci\u00f3<br \/>\nEstudis mediambientals<br \/>\nEstudis de soroll i vibracions<br \/>\nEstudis de dimensionament el\u00e8ctric<br \/>\nEstudis de compatibilitat electromagn\u00e8tica (EMC)<br \/>\nEstudis d\u2019interacci\u00f3 pant\u00f2graf-caten\u00e0ria<\/p>\n<\/div><\/section><\/p><\/div><\/div><!--close column table wrapper. Autoclose: 1 --><div class=\"flex_column av_one_full  flex_column_div av-zero-column-padding first  avia-builder-el-13  el_after_av_one_half  el_before_av_one_half  column-top-margin\" style='border-radius:0px; '><div style='height:22px' class='hr hr-invisible   avia-builder-el-14  avia-builder-el-no-sibling  '><span class='hr-inner ' ><span class='hr-inner-style'><\/span><\/span><\/div><\/div><\/p>\n<div class='flex_column_table av-equal-height-column-flextable -flextable' ><div class=\"flex_column av_one_half  av-animated-generic bottom-to-top  flex_column_table_cell av-equal-height-column av-align-top av-zero-column-padding first  avia-builder-el-15  el_after_av_one_full  el_before_av_one_half   column-top-margin\" style='border-radius:0px; '><p><div class='avia-image-container  av-styling-no-styling    avia-builder-el-16  el_before_av_heading  avia-builder-el-first   avia-align- '  itemprop=\"image\" itemscope=\"itemscope\" itemtype=\"https:\/\/schema.org\/ImageObject\"  ><div class='avia-image-container-inner'><div class='avia-image-overlay-wrap'><img class='avia_image' src='https:\/\/inserail.es\/wp-content\/uploads\/2020\/03\/img_servicios_nivel1_construccion.png' alt='' title='img_servicios_nivel1_construccion' height=\"321\" width=\"845\"  itemprop=\"thumbnailUrl\"  \/><\/div><\/div><\/div><br \/>\n<div style='padding-bottom:10px; ' class='av-special-heading av-special-heading-h2  blockquote modern-quote  avia-builder-el-17  el_after_av_image  el_before_av_textblock   '><h2 class='av-special-heading-tag '  itemprop=\"headline\"  >ENGINYERIA DE CONSTRUCCI\u00d3 <\/h2><div class='special-heading-border'><div class='special-heading-inner-border' ><\/div><\/div><\/div><br \/>\n<section class=\"av_textblock_section \"  itemscope=\"itemscope\" itemtype=\"https:\/\/schema.org\/CreativeWork\" ><div class='avia_textblock  '   itemprop=\"text\" ><p>Project Management<br \/>\nDirecci\u00f3, control i supervisi\u00f3 d\u2019obres<br \/>\nGesti\u00f3 de compres i prove\u00efdors<br \/>\nInspecci\u00f3 de processos de fabricaci\u00f3<br \/>\nProjectes clau en m\u00e0<br \/>\nCoordinaci\u00f3 de seguretat i salut<br \/>\nGesti\u00f3 de RAMS<\/p>\n<\/div><\/section><\/p><\/div>\n<div class='av-flex-placeholder'><\/div><div class=\"flex_column av_one_half  av-animated-generic bottom-to-top  flex_column_table_cell av-equal-height-column av-align-top av-zero-column-padding   avia-builder-el-19  el_after_av_one_half  avia-builder-el-last   column-top-margin\" style='border-radius:0px; '><p><div class='avia-image-container  av-styling-no-styling    avia-builder-el-20  el_before_av_heading  avia-builder-el-first   avia-align- '  itemprop=\"image\" itemscope=\"itemscope\" itemtype=\"https:\/\/schema.org\/ImageObject\"  ><div class='avia-image-container-inner'><div class='avia-image-overlay-wrap'><img class='avia_image' src='https:\/\/inserail.es\/wp-content\/uploads\/2020\/01\/img5-Servicios-ExplotacionMantenimiento.png' alt='' title='img5-Servicios-ExplotacionMantenimiento' height=\"216\" width=\"567\"  itemprop=\"thumbnailUrl\"  \/><\/div><\/div><\/div><br \/>\n<div style='padding-bottom:10px; ' class='av-special-heading av-special-heading-h2  blockquote modern-quote  avia-builder-el-21  el_after_av_image  el_before_av_textblock   '><h2 class='av-special-heading-tag '  itemprop=\"headline\"  >EXPLOTACI\u00d3 I MANTENIMENT <\/h2><div class='special-heading-border'><div class='special-heading-inner-border' ><\/div><\/div><\/div><br \/>\n<section class=\"av_textblock_section \"  itemscope=\"itemscope\" itemtype=\"https:\/\/schema.org\/CreativeWork\" ><div class='avia_textblock  '   itemprop=\"text\" ><p>Consultoria de l\u2019explotaci\u00f3 i el manteniment<br \/>\nSupervisi\u00f3 del funcionament de les instal\u00b7lacions<br \/>\nOperaci\u00f3 i manteniment d\u2019instal\u00b7lacions<br \/>\nCentres de control i supervisi\u00f3<br \/>\nTallers<br \/>\nEstudis d\u2019explotaci\u00f3<br \/>\nAn\u00e0lisi de riscos<\/p>\n<\/div><\/section><\/p><\/div><\/div><!--close column table wrapper. Autoclose: 1 -->\n","protected":false},"excerpt":{"rendered":"","protected":false},"author":1,"featured_media":1986,"parent":0,"menu_order":20,"comment_status":"closed","ping_status":"closed","template":"","meta":{"footnotes":""},"class_list":["post-2025","page","type-page","status-publish","has-post-thumbnail","hentry"],"_links":{"self":[{"href":"https:\/\/inserail.es\/ca\/wp-json\/wp\/v2\/pages\/2025","targetHints":{"allow":["GET"]}}],"collection":[{"href":"https:\/\/inserail.es\/ca\/wp-json\/wp\/v2\/pages"}],"about":[{"href":"https:\/\/inserail.es\/ca\/wp-json\/wp\/v2\/types\/page"}],"author":[{"embeddable":true,"href":"https:\/\/inserail.es\/ca\/wp-json\/wp\/v2\/users\/1"}],"replies":[{"embeddable":true,"href":"https:\/\/inserail.es\/ca\/wp-json\/wp\/v2\/comments?post=2025"}],"version-history":[{"count":3,"href":"https:\/\/inserail.es\/ca\/wp-json\/wp\/v2\/pages\/2025\/revisions"}],"predecessor-version":[{"id":4877,"href":"https:\/\/inserail.es\/ca\/wp-json\/wp\/v2\/pages\/2025\/revisions\/4877"}],"wp:featuredmedia":[{"embeddable":true,"href":"https:\/\/inserail.es\/ca\/wp-json\/wp\/v2\/media\/1986"}],"wp:attachment":[{"href":"https:\/\/inserail.es\/ca\/wp-json\/wp\/v2\/media?parent=2025"}],"curies":[{"name":"wp","href":"https:\/\/api.w.org\/{rel}","templated":true}]}}