{"id":1954,"date":"2020-07-08T18:31:59","date_gmt":"2020-07-08T16:31:59","guid":{"rendered":"https:\/\/inserail.es\/arees-dactivitat\/sistemes-ferroviaris\/"},"modified":"2021-01-25T19:20:09","modified_gmt":"2021-01-25T18:20:09","slug":"sistemes-ferroviaris","status":"publish","type":"page","link":"https:\/\/inserail.es\/ca\/arees-dactivitat\/sistemes-ferroviaris\/","title":{"rendered":"SISTEMES FERROVIARIS"},"content":{"rendered":"<div class=\"flex_column av_one_full  flex_column_div av-zero-column-padding first  avia-builder-el-0  el_before_av_one_full  avia-builder-el-first   \" style='border-radius:0px; '><p><div style='padding-bottom:10px; ' class='av-special-heading av-special-heading-h1  blockquote modern-quote  avia-builder-el-1  el_before_av_image  avia-builder-el-first   '><h1 class='av-special-heading-tag '  itemprop=\"headline\"  >SISTEMES FERROVIARIS <\/h1><div class='special-heading-border'><div class='special-heading-inner-border' ><\/div><\/div><\/div><br \/>\n<div class='avia-image-container  av-styling- av-hover-grow av-hide-overflow   avia-builder-el-2  el_after_av_heading  el_before_av_heading   avia-align-center '  itemprop=\"image\" itemscope=\"itemscope\" itemtype=\"https:\/\/schema.org\/ImageObject\"  ><div class='avia-image-container-inner'><div class='avia-image-overlay-wrap'><img class='avia_image' src='https:\/\/inserail.es\/wp-content\/uploads\/2020\/03\/sistemas-ferroviarios845x321.png' alt='' title='sistemas ferroviarios845x321' height=\"321\" width=\"845\"  itemprop=\"thumbnailUrl\"  \/><\/div><\/div><\/div><br \/>\n<div style='padding-bottom:10px; color:gold;' class='av-special-heading av-special-heading-h2 custom-color-heading blockquote modern-quote  avia-builder-el-3  el_after_av_image  avia-builder-el-last   '><h2 class='av-special-heading-tag '  itemprop=\"headline\"  >L\u00ednies d\u2019Alta Velocitat \u2013 Metros i Tramvies \u2013 L\u00ednies Convencionals \u2013 Mercaderies<\/h2><div class='special-heading-border'><div class='special-heading-inner-border' style='border-color:gold'><\/div><\/div><\/div><\/p><\/div>\n<div class=\"flex_column av_one_full  flex_column_div av-zero-column-padding first  avia-builder-el-4  el_after_av_one_full  el_before_av_one_half   column-top-margin\" style='border-radius:0px; '><div style='height:1px' class='hr hr-invisible   avia-builder-el-5  avia-builder-el-no-sibling  '><span class='hr-inner ' ><span class='hr-inner-style'><\/span><\/span><\/div><\/div>\n<div class='flex_column_table av-equal-height-column-flextable -flextable' ><div class=\"flex_column av_one_half  flex_column_table_cell av-equal-height-column av-align-top av-zero-column-padding first  avia-builder-el-6  el_after_av_one_full  el_before_av_one_half   column-top-margin\" style='border-radius:0px; '><p><div class='avia-image-container  av-styling-no-styling    avia-builder-el-7  el_before_av_heading  avia-builder-el-first   avia-align- '  itemprop=\"image\" itemscope=\"itemscope\" itemtype=\"https:\/\/schema.org\/ImageObject\"  ><div class='avia-image-container-inner'><div class='avia-image-overlay-wrap'><img class='avia_image' src='https:\/\/inserail.es\/wp-content\/uploads\/2019\/09\/img_servicios_nivel2_sisteFerro_elctrificacion.png' alt='' title='img_servicios_nivel2_sisteFerro_elctrificacion' height=\"321\" width=\"845\"  itemprop=\"thumbnailUrl\"  \/><\/div><\/div><\/div><br \/>\n<div style='padding-bottom:10px; ' class='av-special-heading av-special-heading-h3  blockquote modern-quote  avia-builder-el-8  el_after_av_image  el_before_av_textblock   '><h3 class='av-special-heading-tag '  itemprop=\"headline\"  >Electrificaci\u00f3<\/h3><div class='special-heading-border'><div class='special-heading-inner-border' ><\/div><\/div><\/div><br \/>\n<section class=\"av_textblock_section \"  itemscope=\"itemscope\" itemtype=\"https:\/\/schema.org\/CreativeWork\" ><div class='avia_textblock  '   itemprop=\"text\" ><p>L\u00ednies el\u00e8ctriques de mitjana i alta tensi\u00f3<br \/>\nAlimentaci\u00f3 en baixa tensi\u00f3<br \/>\nCaten\u00e0ria per a alta velocitat<br \/>\nCaten\u00e0ria convencional i tramvi\u00e0ria<br \/>\nCaten\u00e0ria r\u00edgida i retr\u00e0ctil<br \/>\nTercer carril<br \/>\nSubestacions de tracci\u00f3 i elements associats<br \/>\nCentres d\u2019autotransformaci\u00f3<\/p>\n<\/div><\/section><\/p><\/div>\n<div class='av-flex-placeholder'><\/div><div class=\"flex_column av_one_half  flex_column_table_cell av-equal-height-column av-align-top av-zero-column-padding   avia-builder-el-10  el_after_av_one_half  el_before_av_one_full   column-top-margin\" style='border-radius:0px; '><p><div class='avia-image-container  av-styling-no-styling    avia-builder-el-11  el_before_av_heading  avia-builder-el-first   avia-align- '  itemprop=\"image\" itemscope=\"itemscope\" itemtype=\"https:\/\/schema.org\/ImageObject\"  ><div class='avia-image-container-inner'><div class='avia-image-overlay-wrap'><img class='avia_image' src='https:\/\/inserail.es\/wp-content\/uploads\/2019\/09\/img_servicios_nivel2_sisteFerro_senalizacion.png' alt='' title='img_servicios_nivel2_sisteFerro_senalizacion' height=\"321\" width=\"845\"  itemprop=\"thumbnailUrl\"  \/><\/div><\/div><\/div><br \/>\n<div style='padding-bottom:10px; ' class='av-special-heading av-special-heading-h3  blockquote modern-quote  avia-builder-el-12  el_after_av_image  el_before_av_textblock   '><h3 class='av-special-heading-tag '  itemprop=\"headline\"  >Senyalitzaci\u00f3 i Seguretat<\/h3><div class='special-heading-border'><div class='special-heading-inner-border' ><\/div><\/div><\/div><br \/>\n<section class=\"av_textblock_section \"  itemscope=\"itemscope\" itemtype=\"https:\/\/schema.org\/CreativeWork\" ><div class='avia_textblock  '   itemprop=\"text\" ><p>Sistemes d\u2019enclavaments<br \/>\nProtecci\u00f3 del tren (ERTMS\/ETCS\/ASFA)<br \/>\nTelecomandament i CTC\/CRC<br \/>\nSistemes de bloqueig en trajectes<br \/>\nCircuits de via, comptadors d\u2019eixos i senyalitzaci\u00f3 lateral<br \/>\nSubministrament d\u2019energia i xarxa de cables<br \/>\nConducci\u00f3 autom\u00e0tica: ATP\/ATO i CBTC<br \/>\nSistemes auxiliars de detecci\u00f3<\/p>\n<\/div><\/section><\/p><\/div><\/div><!--close column table wrapper. Autoclose: 1 -->\n<div class=\"flex_column av_one_full  flex_column_div av-zero-column-padding first  avia-builder-el-14  el_after_av_one_half  el_before_av_one_half   column-top-margin\" style='border-radius:0px; '><div style='height:1px' class='hr hr-invisible   avia-builder-el-15  avia-builder-el-no-sibling  '><span class='hr-inner ' ><span class='hr-inner-style'><\/span><\/span><\/div><\/div>\n<div class='flex_column_table av-equal-height-column-flextable -flextable' ><div class=\"flex_column av_one_half  flex_column_table_cell av-equal-height-column av-align-top av-zero-column-padding first  avia-builder-el-16  el_after_av_one_full  el_before_av_one_half   column-top-margin\" style='border-radius:0px; '><p><div class='avia-image-container  av-styling-no-styling    avia-builder-el-17  el_before_av_heading  avia-builder-el-first   avia-align- '  itemprop=\"image\" itemscope=\"itemscope\" itemtype=\"https:\/\/schema.org\/ImageObject\"  ><div class='avia-image-container-inner'><div class='avia-image-overlay-wrap'><img class='avia_image' src='https:\/\/inserail.es\/wp-content\/uploads\/2019\/09\/img_servicios_nivel2_sisteFerro_teleco.png' alt='' title='img_servicios_nivel2_sisteFerro_teleco' height=\"321\" width=\"845\"  itemprop=\"thumbnailUrl\"  \/><\/div><\/div><\/div><br \/>\n<div style='padding-bottom:10px; ' class='av-special-heading av-special-heading-h3  blockquote modern-quote  avia-builder-el-18  el_after_av_image  el_before_av_textblock   '><h3 class='av-special-heading-tag '  itemprop=\"headline\"  >Telecomunicacions<\/h3><div class='special-heading-border'><div class='special-heading-inner-border' ><\/div><\/div><\/div><br \/>\n<section class=\"av_textblock_section \"  itemscope=\"itemscope\" itemtype=\"https:\/\/schema.org\/CreativeWork\" ><div class='avia_textblock  '   itemprop=\"text\" ><p>Xarxes de cables i sistemes de cablejat estructurat<br \/>\nTelecomunicacions fixes de veu i dades<br \/>\nTelecomunicacions m\u00f2bils<br \/>\nSeguretat (CCTV, Control d\u2019Acc\u00e9s i Intrusi\u00f3)<br \/>\nAutomatitzaci\u00f3 i control<br \/>\nInformaci\u00f3 al viatger<br \/>\nTelecontrol i comandament centralitzat<\/p>\n<\/div><\/section><\/p><\/div>\n<div class='av-flex-placeholder'><\/div><div class=\"flex_column av_one_half  flex_column_table_cell av-equal-height-column av-align-top av-zero-column-padding   avia-builder-el-20  el_after_av_one_half  avia-builder-el-last   column-top-margin\" style='border-radius:0px; '><p><div class='avia-image-container  av-styling-no-styling    avia-builder-el-21  el_before_av_heading  avia-builder-el-first   avia-align- '  itemprop=\"image\" itemscope=\"itemscope\" itemtype=\"https:\/\/schema.org\/ImageObject\"  ><div class='avia-image-container-inner'><div class='avia-image-overlay-wrap'><img class='avia_image' src='https:\/\/inserail.es\/wp-content\/uploads\/2020\/07\/img_servicios_nivel2_sisteFerro_simulacion_cat-3.png' alt='' title='img_servicios_nivel2_sisteFerro_simulacion' height=\"321\" width=\"845\"  itemprop=\"thumbnailUrl\"  \/><\/div><\/div><\/div><br \/>\n<div style='padding-bottom:10px; ' class='av-special-heading av-special-heading-h3  blockquote modern-quote  avia-builder-el-22  el_after_av_image  el_before_av_textblock   '><h3 class='av-special-heading-tag '  itemprop=\"headline\"  >Simulaci\u00f3 de xarxes ferrovi\u00e0ries<\/h3><div class='special-heading-border'><div class='special-heading-inner-border' ><\/div><\/div><\/div><br \/>\n<section class=\"av_textblock_section \"  itemscope=\"itemscope\" itemtype=\"https:\/\/schema.org\/CreativeWork\" ><div class='avia_textblock  '   itemprop=\"text\" ><p>Simulacions de capacitat en l\u00ednies ferrovi\u00e0ries<br \/>\nDimensionaments el\u00e8ctrics i mec\u00e0nics<br \/>\nAn\u00e0lisi de curtcircuits en xarxes ferrovi\u00e0ries<br \/>\nEfici\u00e8ncia energ\u00e8tica<br \/>\nPertorbacions electromagn\u00e8tiques<br \/>\nEmissions harm\u00f2niques i limitacions de tensions de contacte<br \/>\nInteracci\u00f3 pant\u00f2graf-caten\u00e0ria<\/p>\n<\/div><\/section><\/p><\/div><\/div><!--close column table wrapper. Autoclose: 1 -->\n","protected":false},"excerpt":{"rendered":"","protected":false},"author":1,"featured_media":1937,"parent":1921,"menu_order":10,"comment_status":"closed","ping_status":"closed","template":"","meta":{"footnotes":""},"class_list":["post-1954","page","type-page","status-publish","has-post-thumbnail","hentry"],"_links":{"self":[{"href":"https:\/\/inserail.es\/ca\/wp-json\/wp\/v2\/pages\/1954","targetHints":{"allow":["GET"]}}],"collection":[{"href":"https:\/\/inserail.es\/ca\/wp-json\/wp\/v2\/pages"}],"about":[{"href":"https:\/\/inserail.es\/ca\/wp-json\/wp\/v2\/types\/page"}],"author":[{"embeddable":true,"href":"https:\/\/inserail.es\/ca\/wp-json\/wp\/v2\/users\/1"}],"replies":[{"embeddable":true,"href":"https:\/\/inserail.es\/ca\/wp-json\/wp\/v2\/comments?post=1954"}],"version-history":[{"count":4,"href":"https:\/\/inserail.es\/ca\/wp-json\/wp\/v2\/pages\/1954\/revisions"}],"predecessor-version":[{"id":4862,"href":"https:\/\/inserail.es\/ca\/wp-json\/wp\/v2\/pages\/1954\/revisions\/4862"}],"up":[{"embeddable":true,"href":"https:\/\/inserail.es\/ca\/wp-json\/wp\/v2\/pages\/1921"}],"wp:featuredmedia":[{"embeddable":true,"href":"https:\/\/inserail.es\/ca\/wp-json\/wp\/v2\/media\/1937"}],"wp:attachment":[{"href":"https:\/\/inserail.es\/ca\/wp-json\/wp\/v2\/media?parent=1954"}],"curies":[{"name":"wp","href":"https:\/\/api.w.org\/{rel}","templated":true}]}}