{"id":1921,"date":"2020-07-08T18:15:56","date_gmt":"2020-07-08T16:15:56","guid":{"rendered":"https:\/\/inserail.es\/arees-dactivitat\/"},"modified":"2021-01-25T19:16:33","modified_gmt":"2021-01-25T18:16:33","slug":"arees-dactivitat","status":"publish","type":"page","link":"https:\/\/inserail.es\/ca\/arees-dactivitat\/","title":{"rendered":"\u00c0rees d&#8217;Activitat"},"content":{"rendered":"<div id='full_slider_1' class='avia-fullwidth-slider main_color avia-shadow   avia-builder-el-0  el_before_av_one_full  avia-builder-el-first   container_wrap sidebar_left' style=' '  ><div  data-size='no scaling'  data-lightbox_size='large'  data-animation='slide'  data-conditional_play=''  data-ids='1292'  data-video_counter='0'  data-autoplay='false'  data-bg_slider='false'  data-slide_height=''  data-handle='av_slideshow_full'  data-interval='5'  data-class=' '  data-css_id=''  data-scroll_down=''  data-control_layout='av-control-default'  data-custom_markup=''  data-perma_caption=''  data-autoplay_stopper=''  data-image_attachment=''  data-min_height='0px'  data-src=''  data-position='top left'  data-repeat='no-repeat'  data-attach='scroll'  data-stretch=''  class='avia-slideshow avia-slideshow-1  av-control-default av-default-height-applied avia-slideshow-no scaling av_slideshow_full   avia-slide-slider '  itemprop=\"image\" itemscope=\"itemscope\" itemtype=\"https:\/\/schema.org\/ImageObject\" ><ul class='avia-slideshow-inner ' style='padding-bottom: 42%;' ><li  class=' av-single-slide slide-1 ' ><div data-rel='slideshow-1' class='avia-slide-wrap '   ><img src='https:\/\/inserail.es\/wp-content\/uploads\/2020\/01\/img_Actividad-header.png' width='1500' height='630' title='img_Actividad-header' alt=''  itemprop=\"thumbnailUrl\"   \/><\/div><\/li><\/ul><\/div><\/div><div id='after_full_slider_1' class='main_color av_default_container_wrap container_wrap sidebar_left' style=' '  ><div class='container' ><div class='template-page content  av-content-small units'><div class='post-entry post-entry-type-page post-entry-1921'><div class='entry-content-wrapper clearfix'>\n<div class=\"flex_column av_one_full  flex_column_div av-zero-column-padding first  avia-builder-el-1  el_after_av_slideshow_full  el_before_av_heading  avia-builder-el-first  \" style='border-radius:0px; '><div style='height:12px' class='hr hr-invisible   avia-builder-el-2  avia-builder-el-no-sibling  '><span class='hr-inner ' ><span class='hr-inner-style'><\/span><\/span><\/div><\/div>\n<div style='padding-bottom:10px; ' class='av-special-heading av-special-heading-h2  blockquote modern-quote  avia-builder-el-3  el_after_av_one_full  el_before_av_one_full   '><h2 class='av-special-heading-tag '  itemprop=\"headline\"  >\u00c0REES D\u2019ACTIVITAT <\/h2><div class='special-heading-border'><div class='special-heading-inner-border' ><\/div><\/div><\/div>\n<div class=\"flex_column av_one_full  flex_column_div av-zero-column-padding first  avia-builder-el-4  el_after_av_heading  el_before_av_textblock  \" style='border-radius:0px; '><div style='height:12px' class='hr hr-invisible   avia-builder-el-5  avia-builder-el-no-sibling  '><span class='hr-inner ' ><span class='hr-inner-style'><\/span><\/span><\/div><\/div>\n<section class=\"av_textblock_section \"  itemscope=\"itemscope\" itemtype=\"https:\/\/schema.org\/CreativeWork\" ><div class='avia_textblock  '   itemprop=\"text\" ><p>Oferim solucions adaptades als nostres clients en els sectors ferroviari, aeroportuari, energia, ind\u00fastria i instal\u00b7lacions. Per a aix\u00f2 comptem amb un nodrit grup de professionals, principalment enginyers de diferents especialitats (civil, industrial, el\u00e8ctric, telecomunicacions, etc.) i arquitectes amb experi\u00e8ncia internacional contrastada.<\/p>\n<\/div><\/section>\n<div class=\"flex_column av_one_full  flex_column_div av-zero-column-padding first  avia-builder-el-7  el_after_av_textblock  el_before_av_one_half  column-top-margin\" style='border-radius:0px; '><div style='height:12px' class='hr hr-invisible   avia-builder-el-8  avia-builder-el-no-sibling  '><span class='hr-inner ' ><span class='hr-inner-style'><\/span><\/span><\/div><\/div>\n<div class='flex_column_table av-equal-height-column-flextable -flextable' ><div class=\"flex_column av_one_half  av-animated-generic bottom-to-top  flex_column_table_cell av-equal-height-column av-align-top av-zero-column-padding first  avia-builder-el-9  el_after_av_one_full  el_before_av_one_half   column-top-margin\" style='border-radius:0px; '><p><div class='avia-image-container  av-styling-no-styling av-hover-grow av-hide-overflow   avia-builder-el-10  el_before_av_heading  avia-builder-el-first   avia-align- '  itemprop=\"image\" itemscope=\"itemscope\" itemtype=\"https:\/\/schema.org\/ImageObject\"  ><div class='avia-image-container-inner'><div class='avia-image-overlay-wrap'><a href='https:\/\/inserail.es\/ca\/arees-dactivitat\/sistemes-ferroviaris\/' class='avia_image'  ><img class='avia_image ' src='https:\/\/inserail.es\/wp-content\/uploads\/2020\/03\/sistemas-ferroviarios845x321.png' alt='' title='sistemas ferroviarios845x321'  itemprop=\"thumbnailUrl\"  \/><\/a><\/div><\/div><\/div><br \/>\n<div style='padding-bottom:10px; ' class='av-special-heading av-special-heading-h3  blockquote modern-quote  avia-builder-el-11  el_after_av_image  el_before_av_button   '><h3 class='av-special-heading-tag '  itemprop=\"headline\"  >Sistemes Ferroviaris <\/h3><div class='special-heading-border'><div class='special-heading-inner-border' ><\/div><\/div><\/div><br \/>\n<div class='avia-button-wrap avia-button-left  avia-builder-el-12  el_after_av_heading  avia-builder-el-last  '><a href='https:\/\/inserail.es\/ca\/arees-dactivitat\/sistemes-ferroviaris\/'  class='avia-button   avia-icon_select-yes-right-icon avia-color-dark avia-size-small avia-position-left '   ><span class='avia_iconbox_title' >M\u00c9S INFORMACI\u00d3<\/span><span class='avia_button_icon avia_button_icon_right' aria-hidden='true' data-av_icon='\ue832' data-av_iconfont='entypo-fontello'><\/span><\/a><\/div><\/p><\/div>\n<div class='av-flex-placeholder'><\/div><div class=\"flex_column av_one_half  av-animated-generic bottom-to-top  flex_column_table_cell av-equal-height-column av-align-top av-zero-column-padding   avia-builder-el-13  el_after_av_one_half  el_before_av_one_full   column-top-margin\" style='border-radius:0px; '><p><div class='avia-image-container  av-styling-no-styling av-hover-grow av-hide-overflow   avia-builder-el-14  el_before_av_heading  avia-builder-el-first   avia-align- '  itemprop=\"image\" itemscope=\"itemscope\" itemtype=\"https:\/\/schema.org\/ImageObject\"  ><div class='avia-image-container-inner'><div class='avia-image-overlay-wrap'><a href='https:\/\/inserail.es\/ca\/arees-dactivitat\/infraestructures-del-transport\/' class='avia_image'  ><img class='avia_image ' src='https:\/\/inserail.es\/wp-content\/uploads\/2020\/01\/actividad-aeropuertos.png' alt='' title='actividad-aeropuertos'  itemprop=\"thumbnailUrl\"  \/><\/a><\/div><\/div><\/div><br \/>\n<div style='padding-bottom:10px; ' class='av-special-heading av-special-heading-h3  blockquote modern-quote  avia-builder-el-15  el_after_av_image  el_before_av_button   '><h3 class='av-special-heading-tag '  itemprop=\"headline\"  > Infraestructures de l\u2019Transport <\/h3><div class='special-heading-border'><div class='special-heading-inner-border' ><\/div><\/div><\/div><br \/>\n<div class='avia-button-wrap avia-button-left  avia-builder-el-16  el_after_av_heading  avia-builder-el-last  '><a href='https:\/\/inserail.es\/ca\/arees-dactivitat\/infraestructures-del-transport\/'  class='avia-button   avia-icon_select-yes-right-icon avia-color-dark avia-size-small avia-position-left '   ><span class='avia_iconbox_title' >M\u00c9S INFORMACI\u00d3<\/span><span class='avia_button_icon avia_button_icon_right' aria-hidden='true' data-av_icon='\ue832' data-av_iconfont='entypo-fontello'><\/span><\/a><\/div><\/p><\/div><\/div><!--close column table wrapper. Autoclose: 1 -->\n<div class=\"flex_column av_one_full  flex_column_div av-zero-column-padding first  avia-builder-el-17  el_after_av_one_half  el_before_av_one_half  column-top-margin\" style='border-radius:0px; '><div style='height:22px' class='hr hr-invisible   avia-builder-el-18  avia-builder-el-no-sibling  '><span class='hr-inner ' ><span class='hr-inner-style'><\/span><\/span><\/div><\/div>\n<div class='flex_column_table av-equal-height-column-flextable -flextable' ><div class=\"flex_column av_one_half  av-animated-generic bottom-to-top  flex_column_table_cell av-equal-height-column av-align-top av-zero-column-padding first  avia-builder-el-19  el_after_av_one_full  el_before_av_one_half   column-top-margin\" style='border-radius:0px; '><p><div class='avia-image-container  av-styling-no-styling av-hover-grow av-hide-overflow   avia-builder-el-20  el_before_av_heading  avia-builder-el-first   avia-align- '  itemprop=\"image\" itemscope=\"itemscope\" itemtype=\"https:\/\/schema.org\/ImageObject\"  ><div class='avia-image-container-inner'><div class='avia-image-overlay-wrap'><a href='https:\/\/inserail.es\/ca\/arees-dactivitat\/energia-i-instal%c2%b7lacions-industrials\/' class='avia_image'  ><img class='avia_image ' src='https:\/\/inserail.es\/wp-content\/uploads\/2020\/01\/actividad-energInstala.png' alt='' title='actividad-energInstala'  itemprop=\"thumbnailUrl\"  \/><\/a><\/div><\/div><\/div><br \/>\n<div style='padding-bottom:10px; ' class='av-special-heading av-special-heading-h3  blockquote modern-quote  avia-builder-el-21  el_after_av_image  el_before_av_button   '><h3 class='av-special-heading-tag '  itemprop=\"headline\"  > Energia i Instal\u00b7lacions Industrials <\/h3><div class='special-heading-border'><div class='special-heading-inner-border' ><\/div><\/div><\/div><br \/>\n<div class='avia-button-wrap avia-button-left  avia-builder-el-22  el_after_av_heading  avia-builder-el-last  '><a href='https:\/\/inserail.es\/ca\/arees-dactivitat\/energia-i-instal%c2%b7lacions-industrials\/'  class='avia-button   avia-icon_select-yes-right-icon avia-color-dark avia-size-small avia-position-left '   ><span class='avia_iconbox_title' >M\u00c9S INFORMACI\u00d3<\/span><span class='avia_button_icon avia_button_icon_right' aria-hidden='true' data-av_icon='\ue832' data-av_iconfont='entypo-fontello'><\/span><\/a><\/div><\/p><\/div><div class='av-flex-placeholder'><\/div><div class=\"flex_column av_one_half  av-animated-generic bottom-to-top  flex_column_table_cell av-equal-height-column av-align-top av-zero-column-padding   avia-builder-el-23  el_after_av_one_half  avia-builder-el-last   column-top-margin\" style='border-radius:0px; '><p><div class='avia-image-container  av-styling-no-styling av-hover-grow av-hide-overflow   avia-builder-el-24  el_before_av_heading  avia-builder-el-first   avia-align- '  itemprop=\"image\" itemscope=\"itemscope\" itemtype=\"https:\/\/schema.org\/ImageObject\"  ><div class='avia-image-container-inner'><div class='avia-image-overlay-wrap'><a href='https:\/\/inserail.es\/ca\/empresa\/rdi\/' class='avia_image'  ><img class='avia_image ' src='https:\/\/inserail.es\/wp-content\/uploads\/2020\/12\/actividad-innovacion-.png' alt='' title='actividad-innovacion'  itemprop=\"thumbnailUrl\"  \/><\/a><\/div><\/div><\/div><br \/>\n<div style='padding-bottom:10px; ' class='av-special-heading av-special-heading-h3  blockquote modern-quote  avia-builder-el-25  el_after_av_image  el_before_av_button   '><h3 class='av-special-heading-tag '  itemprop=\"headline\"  >Innovaci\u00f3 <\/h3><div class='special-heading-border'><div class='special-heading-inner-border' ><\/div><\/div><\/div><br \/>\n<div class='avia-button-wrap avia-button-left  avia-builder-el-26  el_after_av_heading  avia-builder-el-last  '><a href='https:\/\/inserail.es\/ca\/empresa\/rdi\/'  class='avia-button   avia-icon_select-yes-right-icon avia-color-dark avia-size-small avia-position-left '   ><span class='avia_iconbox_title' >M\u00c9S INFORMACI\u00d3<\/span><span class='avia_button_icon avia_button_icon_right' aria-hidden='true' data-av_icon='\ue832' data-av_iconfont='entypo-fontello'><\/span><\/a><\/div><\/p><\/div><\/div><!--close column table wrapper. Autoclose: 1 --><\/p>\n","protected":false},"excerpt":{"rendered":"","protected":false},"author":1,"featured_media":0,"parent":0,"menu_order":15,"comment_status":"closed","ping_status":"closed","template":"","meta":{"footnotes":""},"class_list":["post-1921","page","type-page","status-publish","hentry"],"_links":{"self":[{"href":"https:\/\/inserail.es\/ca\/wp-json\/wp\/v2\/pages\/1921","targetHints":{"allow":["GET"]}}],"collection":[{"href":"https:\/\/inserail.es\/ca\/wp-json\/wp\/v2\/pages"}],"about":[{"href":"https:\/\/inserail.es\/ca\/wp-json\/wp\/v2\/types\/page"}],"author":[{"embeddable":true,"href":"https:\/\/inserail.es\/ca\/wp-json\/wp\/v2\/users\/1"}],"replies":[{"embeddable":true,"href":"https:\/\/inserail.es\/ca\/wp-json\/wp\/v2\/comments?post=1921"}],"version-history":[{"count":9,"href":"https:\/\/inserail.es\/ca\/wp-json\/wp\/v2\/pages\/1921\/revisions"}],"predecessor-version":[{"id":4523,"href":"https:\/\/inserail.es\/ca\/wp-json\/wp\/v2\/pages\/1921\/revisions\/4523"}],"wp:attachment":[{"href":"https:\/\/inserail.es\/ca\/wp-json\/wp\/v2\/media?parent=1921"}],"curies":[{"name":"wp","href":"https:\/\/api.w.org\/{rel}","templated":true}]}}