{"id":1902,"date":"2020-07-08T13:54:06","date_gmt":"2020-07-08T11:54:06","guid":{"rendered":"https:\/\/inserail.es\/empresa\/treballa-amb-nosaltres\/"},"modified":"2021-06-22T22:18:56","modified_gmt":"2021-06-22T20:18:56","slug":"treballa-amb-nosaltres","status":"publish","type":"page","link":"https:\/\/inserail.es\/ca\/empresa\/treballa-amb-nosaltres\/","title":{"rendered":"Treballa Amb Nosaltres"},"content":{"rendered":"<div class=\"flex_column av_one_full  flex_column_div av-zero-column-padding first  avia-builder-el-0  el_before_av_one_full  avia-builder-el-first  \" style='border-radius:0px; '><p><div class='avia-image-container  av-styling-no-styling    avia-builder-el-1  el_before_av_heading  avia-builder-el-first   avia-align- '  itemprop=\"image\" itemscope=\"itemscope\" itemtype=\"https:\/\/schema.org\/ImageObject\"  ><div class='avia-image-container-inner'><div class='avia-image-overlay-wrap'><img class='avia_image' src='https:\/\/inserail.es\/wp-content\/uploads\/2019\/09\/INSE-RAIL-Empresa-2do-nivel_cabecera_TrabajaConNosotros-845x321.png' alt='Trabajo Inse Rail' title='INSE RAIL - Empresa - 2do nivel_cabecera_TrabajaConNosotros' height=\"321\" width=\"845\"  itemprop=\"thumbnailUrl\"  \/><\/div><\/div><\/div><br \/>\n<div style='padding-bottom:10px; ' class='av-special-heading av-special-heading-h1  blockquote modern-quote  avia-builder-el-2  el_after_av_image  avia-builder-el-last   '><h1 class='av-special-heading-tag '  itemprop=\"headline\"  >Treballa Amb Nosaltres <\/h1><div class='special-heading-border'><div class='special-heading-inner-border' ><\/div><\/div><\/div><\/p><\/div>\n<div class=\"flex_column av_one_full  av-animated-generic bottom-to-top  flex_column_div av-zero-column-padding first  avia-builder-el-3  el_after_av_one_full  el_before_av_one_half   column-top-margin\" style='border-radius:0px; '><section class=\"av_textblock_section \"  itemscope=\"itemscope\" itemtype=\"https:\/\/schema.org\/CreativeWork\" ><div class='avia_textblock  '   itemprop=\"text\" ><p>A \u200b <strong>Inse Rail<\/strong> \u200b podr\u00e0s desenvolupar la teva carrera professional en una empresa d\u2019ambient familiar i independent, que compta amb una alta especialitzaci\u00f3 dins del sector ferroviari i una \u00e0mplia experi\u00e8ncia de projectes nacionals i internacionals. Inse Rail est\u00e0 en creixement constant i necessita incorporar perfils qualificats i especialistes per a l\u2019execuci\u00f3 dels seus projectes, molts dels quals de llarga durada, que t\u2019oferiran l\u2019oportunitat de cr\u00e9ixer amb nosaltres.<\/p>\n<\/div><\/section><\/div>\n<div class=\"flex_column av_one_half  av-animated-generic bottom-to-top  flex_column_div av-zero-column-padding first  avia-builder-el-5  el_after_av_one_full  el_before_av_one_half   column-top-margin\" style='border-radius:0px; '><p><div style='padding-bottom:10px; ' class='av-special-heading av-special-heading-h3  blockquote modern-quote  avia-builder-el-6  el_before_av_textblock  avia-builder-el-first   '><h3 class='av-special-heading-tag '  itemprop=\"headline\"  >Envia el teu CV <\/h3><div class='special-heading-border'><div class='special-heading-inner-border' ><\/div><\/div><\/div><br \/>\n<section class=\"av_textblock_section \"  itemscope=\"itemscope\" itemtype=\"https:\/\/schema.org\/CreativeWork\" ><div class='avia_textblock  '   itemprop=\"text\" >\n<div class=\"wpcf7 no-js\" id=\"wpcf7-f2137-o1\" lang=\"es-ES\" dir=\"ltr\" data-wpcf7-id=\"2137\">\n<div class=\"screen-reader-response\"><p role=\"status\" aria-live=\"polite\" aria-atomic=\"true\"><\/p> <ul><\/ul><\/div>\n<form action=\"\/ca\/wp-json\/wp\/v2\/pages\/1902#wpcf7-f2137-o1\" method=\"post\" class=\"wpcf7-form init\" aria-label=\"Formulario de contacto\" enctype=\"multipart\/form-data\" novalidate=\"novalidate\" data-status=\"init\">\n<div style=\"display: none;\">\n<input type=\"hidden\" name=\"_wpcf7\" value=\"2137\" \/>\n<input type=\"hidden\" name=\"_wpcf7_version\" value=\"6.0.6\" \/>\n<input type=\"hidden\" name=\"_wpcf7_locale\" value=\"es_ES\" \/>\n<input type=\"hidden\" name=\"_wpcf7_unit_tag\" value=\"wpcf7-f2137-o1\" \/>\n<input type=\"hidden\" name=\"_wpcf7_container_post\" value=\"0\" \/>\n<input type=\"hidden\" name=\"_wpcf7_posted_data_hash\" value=\"\" \/>\n<\/div>\n<p><label>Nom i cognoms<sup class=\"required\"><\/sup><br \/>\n<span class=\"wpcf7-form-control-wrap\" data-name=\"your-name\"><input size=\"40\" maxlength=\"400\" class=\"wpcf7-form-control wpcf7-text wpcf7-validates-as-required\" aria-required=\"true\" aria-invalid=\"false\" value=\"\" type=\"text\" name=\"your-name\" \/><\/span> <\/label>\n<\/p>\n<p><label>Email<sup class=\"required\"><\/sup><br \/>\n<span class=\"wpcf7-form-control-wrap\" data-name=\"your-email\"><input size=\"40\" maxlength=\"400\" class=\"wpcf7-form-control wpcf7-email wpcf7-validates-as-required wpcf7-text wpcf7-validates-as-email\" aria-required=\"true\" aria-invalid=\"false\" value=\"\" type=\"email\" name=\"your-email\" \/><\/span> <\/label>\n<\/p>\n<p><label>Tel\u00e8fon<sup class=\"required\"><\/sup><br \/>\n<span class=\"wpcf7-form-control-wrap\" data-name=\"your-tel\"><input size=\"40\" maxlength=\"400\" class=\"wpcf7-form-control wpcf7-tel wpcf7-validates-as-required wpcf7-text wpcf7-validates-as-tel\" aria-required=\"true\" aria-invalid=\"false\" value=\"912 345 678\" type=\"tel\" name=\"your-tel\" \/><\/span> <\/label>\n<\/p>\n<p><label>Missatge<sup class=\"required\"><\/sup><br \/>\n<span class=\"wpcf7-form-control-wrap\" data-name=\"your-message\"><textarea cols=\"40\" rows=\"10\" maxlength=\"2000\" class=\"wpcf7-form-control wpcf7-textarea wpcf7-validates-as-required\" aria-required=\"true\" aria-invalid=\"false\" name=\"your-message\"><\/textarea><\/span> <\/label>\n<\/p>\n<p><label>Curr\u00edculum<sup class=\"required\"><\/sup> (PDF, Max. 2MB)<br \/>\n<span class=\"wpcf7-form-control-wrap\" data-name=\"CV\"><input size=\"40\" class=\"wpcf7-form-control wpcf7-file wpcf7-validates-as-required\" accept=\".pdf\" aria-required=\"true\" aria-invalid=\"false\" type=\"file\" name=\"CV\" \/><\/span><\/label>\n<\/p>\n<p><span class=\"wpcf7-form-control-wrap\" data-name=\"privacidad\"><span class=\"wpcf7-form-control wpcf7-acceptance\"><span class=\"wpcf7-list-item\"><label><input type=\"checkbox\" name=\"privacidad\" value=\"1\" aria-invalid=\"false\" \/><span class=\"wpcf7-list-item-label\">He llegit i accepto la <a href=\"\/ca\/politica-de-privacitat\/\" style=\"color:black;\" target=\"_blank\">pol\u00edtica de privacitat<\/a><\/span><\/label><\/span><\/span><\/span>\n<\/p>\n<p><input class=\"wpcf7-form-control wpcf7-submit has-spinner\" type=\"submit\" value=\"Enviar\" \/>\n<\/p><div class=\"wpcf7-response-output\" aria-hidden=\"true\"><\/div>\n<\/form>\n<\/div>\n\n<\/div><\/section><\/p><\/div>\n<div class=\"flex_column av_one_half  av-animated-generic bottom-to-top  flex_column_div av-zero-column-padding   avia-builder-el-8  el_after_av_one_half  avia-builder-el-last   column-top-margin\" style='border-radius:0px; '><p><div style='padding-bottom:10px; ' class='av-special-heading av-special-heading-h3  blockquote modern-quote  avia-builder-el-9  el_before_av_toggle_container  avia-builder-el-first   '><h3 class='av-special-heading-tag '  itemprop=\"headline\"  >Oportunitats <\/h3><div class='special-heading-border'><div class='special-heading-inner-border' ><\/div><\/div><\/div><br \/>\n<div class=\"togglecontainer   toggle_close_all  avia-builder-el-10  el_after_av_heading  avia-builder-el-last  \" ><\/div><\/p><\/div>\n","protected":false},"excerpt":{"rendered":"","protected":false},"author":1,"featured_media":1850,"parent":1824,"menu_order":30,"comment_status":"closed","ping_status":"closed","template":"","meta":{"footnotes":""},"class_list":["post-1902","page","type-page","status-publish","has-post-thumbnail","hentry"],"_links":{"self":[{"href":"https:\/\/inserail.es\/ca\/wp-json\/wp\/v2\/pages\/1902","targetHints":{"allow":["GET"]}}],"collection":[{"href":"https:\/\/inserail.es\/ca\/wp-json\/wp\/v2\/pages"}],"about":[{"href":"https:\/\/inserail.es\/ca\/wp-json\/wp\/v2\/types\/page"}],"author":[{"embeddable":true,"href":"https:\/\/inserail.es\/ca\/wp-json\/wp\/v2\/users\/1"}],"replies":[{"embeddable":true,"href":"https:\/\/inserail.es\/ca\/wp-json\/wp\/v2\/comments?post=1902"}],"version-history":[{"count":6,"href":"https:\/\/inserail.es\/ca\/wp-json\/wp\/v2\/pages\/1902\/revisions"}],"predecessor-version":[{"id":5505,"href":"https:\/\/inserail.es\/ca\/wp-json\/wp\/v2\/pages\/1902\/revisions\/5505"}],"up":[{"embeddable":true,"href":"https:\/\/inserail.es\/ca\/wp-json\/wp\/v2\/pages\/1824"}],"wp:featuredmedia":[{"embeddable":true,"href":"https:\/\/inserail.es\/ca\/wp-json\/wp\/v2\/media\/1850"}],"wp:attachment":[{"href":"https:\/\/inserail.es\/ca\/wp-json\/wp\/v2\/media?parent=1902"}],"curies":[{"name":"wp","href":"https:\/\/api.w.org\/{rel}","templated":true}]}}