{"id":1898,"date":"2020-07-08T13:49:41","date_gmt":"2020-07-08T11:49:41","guid":{"rendered":"https:\/\/inserail.es\/empresa\/qualitat-i-medi-ambient\/"},"modified":"2024-09-09T17:58:00","modified_gmt":"2024-09-09T15:58:00","slug":"qualitat-i-medi-ambient","status":"publish","type":"page","link":"https:\/\/inserail.es\/ca\/empresa\/qualitat-i-medi-ambient\/","title":{"rendered":"Qualitat, Medi Ambient i Seguretat i Salut"},"content":{"rendered":"<div class=\"flex_column av_one_full  flex_column_div av-zero-column-padding first  avia-builder-el-0  el_before_av_one_full  avia-builder-el-first  \" style='border-radius:0px; '><section class=\"av_textblock_section \"  itemscope=\"itemscope\" itemtype=\"https:\/\/schema.org\/CreativeWork\" ><div class='avia_textblock  '   itemprop=\"text\" ><h1><img loading=\"lazy\" decoding=\"async\" class=\"alignnone wp-image-475 size-entry_with_sidebar\" src=\"https:\/\/inserail.es\/wp-content\/uploads\/2019\/09\/INSE-RAIL-Empresa-2do_nivel_cabecera_Calidad-Mediambiente-845x321.png\" alt=\"\" width=\"845\" height=\"321\" \/><\/h1>\n<\/div><\/section><br \/>\n<div style='padding-bottom:10px; ' class='av-special-heading av-special-heading-h1  blockquote modern-quote  avia-builder-el-2  el_after_av_textblock  avia-builder-el-last   '><h1 class='av-special-heading-tag '  itemprop=\"headline\"  >Qualitat, Medi Ambient i Seguretat i Salut<\/h1><div class='special-heading-border'><div class='special-heading-inner-border' ><\/div><\/div><\/div><\/p><\/div>\n<div class=\"flex_column av_one_full  av-animated-generic bottom-to-top  flex_column_div av-zero-column-padding first  avia-builder-el-3  el_after_av_one_full  el_before_av_one_half   column-top-margin\" style='border-radius:0px; '><p><div style='padding-bottom:10px; color:gold;' class='av-special-heading av-special-heading-h2 custom-color-heading blockquote modern-quote  avia-builder-el-4  el_before_av_textblock  avia-builder-el-first   '><h2 class='av-special-heading-tag '  itemprop=\"headline\"  >Sistema de gesti\u00f3<\/h2><div class='special-heading-border'><div class='special-heading-inner-border' style='border-color:gold'><\/div><\/div><\/div><br \/>\n<section class=\"av_textblock_section \"  itemscope=\"itemscope\" itemtype=\"https:\/\/schema.org\/CreativeWork\" ><div class='avia_textblock  '   itemprop=\"text\" ><p><strong>INSE RAIL<\/strong>\u00a0t\u00e9 com a finalitat proporcionar als nostres clients serveis que compleixin els requisits legals i reglamentaris i les especificacions acordats en tots els aspectes. Aix\u00ed mateix, t\u00e9 per objecte assegurar la m\u00e0xima atenci\u00f3 als aspectes ambientals i als riscos laborals relacionats amb el desenvolupament de la nostra activitat.<\/p>\n<p>Amb aquesta finalitat, \u200b INSE RAIL \u200b estableix i mant\u00e9 un Sistema de Gesti\u00f3 de la Qualitat, el Medi Ambient i la Seguretat i Salut que compleix els requisits de les normes \u200b <strong>UNE-EN-ISO 9001:2015, UNE-EN ISO 14001:2015 i\u00a0ISO 45001:2018.<\/strong><\/p>\n<p>Els sistemes de gesti\u00f3 han estat certificats per l\u2019entitat de certificaci\u00f3 \u200b <strong>SGS ICS Ib\u00e9rica<\/strong>.<\/p>\n<p>Els sistemes de Gesti\u00f3 de Qualitat, de Medi Ambient i Seguretat i Salut estan presidits per una pol\u00edtica de Qualitat, Medi Ambient i de Seguretat I Salut Laboral que preveu el comprom\u00eds d\u2019aconseguir la satisfacci\u00f3 dels clients, la minimitzaci\u00f3 dels impactes ambientals, i l&#8217;a eliminaci\u00f3 dels perills i reducci\u00f3 dels riscos per a la seguretat i salut laboral, mitjan\u00e7ant la millora cont\u00ednua dels processos i el compliment dels requisits de qualitat, legals i altres aplicables.<\/p>\n<p>INSE RAIL \u200b estableix i revisa peri\u00f2dicament objectius de qualitat i medi ambient, en els quals tot<br \/>\nel personal de l\u2019organitzaci\u00f3 es compromet i s\u2019involucra en la consecuci\u00f3 d\u2019aquests.<\/p>\n<\/div><\/section><br \/>\n<section class=\"av_textblock_section \"  itemscope=\"itemscope\" itemtype=\"https:\/\/schema.org\/CreativeWork\" ><div class='avia_textblock  '   itemprop=\"text\" ><p style=\"text-align: center;\">Descarregar: <a href=\"https:\/\/inserail.es\/wp-content\/uploads\/2021\/05\/POL\u00cdTICA_SGI_03_cat.pdf\" target=\"_blank\" rel=\"noopener noreferrer\">POL\u00cdTICA DELS SISTEMES DE GESTI\u00d3 DE QUALITAT, MEDI AMBIENT Y SEGURETAT Y SALUT LABORAL<\/a><\/p>\n<\/div><\/section><\/p><\/div>\n<div class=\"flex_column av_one_half  av-animated-generic bottom-to-top  flex_column_div av-zero-column-padding first  avia-builder-el-7  el_after_av_one_full  el_before_av_one_half   column-top-margin\" style='border-radius:0px; '><p><div class='avia-image-container  av-styling-no-styling    avia-builder-el-8  el_before_av_button  avia-builder-el-first   avia-align-center '  itemprop=\"image\" itemscope=\"itemscope\" itemtype=\"https:\/\/schema.org\/ImageObject\"  ><div class='avia-image-container-inner'><div class='avia-image-overlay-wrap'><img class='avia_image' src='https:\/\/inserail.es\/wp-content\/uploads\/2019\/09\/iso-9001.png' alt='ISO 9001' title='iso-9001' height=\"251\" width=\"254\"  itemprop=\"thumbnailUrl\"  \/><\/div><\/div><\/div><br \/>\n<div class='avia-button-wrap avia-button-center  avia-builder-el-9  el_after_av_image  avia-builder-el-last  '><a href='https:\/\/inserail.es\/wp-content\/uploads\/2024\/09\/CERTF_9001_ED.07.espa\u00f1ol.pdf'  class='avia-button   avia-icon_select-yes-right-icon avia-color-theme-color avia-size-small avia-position-center '  target=\"_blank\"   ><span class='avia_iconbox_title' >Descarregueu ISO 9001<\/span><span class='avia_button_icon avia_button_icon_right' aria-hidden='true' data-av_icon='\ue82d' data-av_iconfont='entypo-fontello'><\/span><\/a><\/div><\/p><\/div><div class=\"flex_column av_one_half  av-animated-generic bottom-to-top  flex_column_div av-zero-column-padding   avia-builder-el-10  el_after_av_one_half  el_before_av_one_half   column-top-margin\" style='border-radius:0px; '><p><div class='avia-image-container  av-styling-no-styling    avia-builder-el-11  el_before_av_button  avia-builder-el-first   avia-align-center '  itemprop=\"image\" itemscope=\"itemscope\" itemtype=\"https:\/\/schema.org\/ImageObject\"  ><div class='avia-image-container-inner'><div class='avia-image-overlay-wrap'><img class='avia_image' src='https:\/\/inserail.es\/wp-content\/uploads\/2019\/09\/iso-14001.png' alt='ISO 14001' title='iso-14001' height=\"251\" width=\"254\"  itemprop=\"thumbnailUrl\"  \/><\/div><\/div><\/div><br \/>\n<div class='avia-button-wrap avia-button-center  avia-builder-el-12  el_after_av_image  avia-builder-el-last  '><a href='https:\/\/inserail.es\/wp-content\/uploads\/2024\/09\/CERTF_14001_ED.08.espa\u00f1ol.pdf'  class='avia-button   avia-icon_select-yes-right-icon avia-color-theme-color avia-size-small avia-position-center '  target=\"_blank\"   ><span class='avia_iconbox_title' >Descarregueu ISO 14001<\/span><span class='avia_button_icon avia_button_icon_right' aria-hidden='true' data-av_icon='\ue82d' data-av_iconfont='entypo-fontello'><\/span><\/a><\/div><\/p><\/div><\/p>\n<div class=\"flex_column av_one_half  av-animated-generic bottom-to-top  flex_column_div av-zero-column-padding first  avia-builder-el-13  el_after_av_one_half  avia-builder-el-last   column-top-margin\" style='border-radius:0px; '><p><div class='avia-image-container  av-styling-no-styling    avia-builder-el-14  el_before_av_button  avia-builder-el-first   avia-align-center '  itemprop=\"image\" itemscope=\"itemscope\" itemtype=\"https:\/\/schema.org\/ImageObject\"  ><div class='avia-image-container-inner'><div class='avia-image-overlay-wrap'><img class='avia_image' src='https:\/\/inserail.es\/wp-content\/uploads\/2022\/09\/SGS_ISO_45001_TCS_HR-180x180.jpg' alt='' title='Imprimer' height=\"180\" width=\"180\"  itemprop=\"thumbnailUrl\"  \/><\/div><\/div><\/div><br \/>\n<div class='avia-button-wrap avia-button-center  avia-builder-el-15  el_after_av_image  avia-builder-el-last  '><a href='https:\/\/inserail.es\/wp-content\/uploads\/2024\/09\/CERTF_45.001_ED.02.espa\u00f1ol.pdf'  class='avia-button   avia-icon_select-yes-right-icon avia-color-theme-color avia-size-small avia-position-center '  target=\"_blank\"   ><span class='avia_iconbox_title' >Descarregueu ISO 45001<\/span><span class='avia_button_icon avia_button_icon_right' aria-hidden='true' data-av_icon='\ue82d' data-av_iconfont='entypo-fontello'><\/span><\/a><\/div><\/p><\/div>\n","protected":false},"excerpt":{"rendered":"","protected":false},"author":1,"featured_media":1851,"parent":1824,"menu_order":20,"comment_status":"closed","ping_status":"closed","template":"","meta":{"footnotes":""},"class_list":["post-1898","page","type-page","status-publish","has-post-thumbnail","hentry"],"_links":{"self":[{"href":"https:\/\/inserail.es\/ca\/wp-json\/wp\/v2\/pages\/1898","targetHints":{"allow":["GET"]}}],"collection":[{"href":"https:\/\/inserail.es\/ca\/wp-json\/wp\/v2\/pages"}],"about":[{"href":"https:\/\/inserail.es\/ca\/wp-json\/wp\/v2\/types\/page"}],"author":[{"embeddable":true,"href":"https:\/\/inserail.es\/ca\/wp-json\/wp\/v2\/users\/1"}],"replies":[{"embeddable":true,"href":"https:\/\/inserail.es\/ca\/wp-json\/wp\/v2\/comments?post=1898"}],"version-history":[{"count":25,"href":"https:\/\/inserail.es\/ca\/wp-json\/wp\/v2\/pages\/1898\/revisions"}],"predecessor-version":[{"id":7223,"href":"https:\/\/inserail.es\/ca\/wp-json\/wp\/v2\/pages\/1898\/revisions\/7223"}],"up":[{"embeddable":true,"href":"https:\/\/inserail.es\/ca\/wp-json\/wp\/v2\/pages\/1824"}],"wp:featuredmedia":[{"embeddable":true,"href":"https:\/\/inserail.es\/ca\/wp-json\/wp\/v2\/media\/1851"}],"wp:attachment":[{"href":"https:\/\/inserail.es\/ca\/wp-json\/wp\/v2\/media?parent=1898"}],"curies":[{"name":"wp","href":"https:\/\/api.w.org\/{rel}","templated":true}]}}