{"id":1892,"date":"2020-07-08T13:33:23","date_gmt":"2020-07-08T11:33:23","guid":{"rendered":"https:\/\/inserail.es\/empresa\/rdi\/"},"modified":"2021-11-07T21:18:31","modified_gmt":"2021-11-07T20:18:31","slug":"rdi","status":"publish","type":"page","link":"https:\/\/inserail.es\/ca\/empresa\/rdi\/","title":{"rendered":"R+D+i"},"content":{"rendered":"<div class=\"flex_column av_one_full  flex_column_div av-zero-column-padding first  avia-builder-el-0  el_before_av_one_half  avia-builder-el-first  \" style='border-radius:0px; '><section class=\"av_textblock_section \"  itemscope=\"itemscope\" itemtype=\"https:\/\/schema.org\/CreativeWork\" ><div class='avia_textblock  '   itemprop=\"text\" ><h1><img loading=\"lazy\" decoding=\"async\" class=\"alignnone size-entry_with_sidebar wp-image-480\" src=\"https:\/\/inserail.es\/wp-content\/uploads\/2019\/09\/INSE-RAIL-Empresa-2do_nivel_cabecera_IDI-845x321.png\" alt=\"\" width=\"845\" height=\"321\" \/><\/h1>\n<\/div><\/section><br \/>\n<div style='padding-bottom:0px; ' class='av-special-heading av-special-heading-h1  blockquote modern-quote  avia-builder-el-2  el_after_av_textblock  el_before_av_heading   '><h1 class='av-special-heading-tag '  itemprop=\"headline\"  >R+D+i<\/h1><div class='special-heading-border'><div class='special-heading-inner-border' ><\/div><\/div><\/div><br \/>\n<div style='padding-bottom:0px; color:gold;' class='av-special-heading av-special-heading-h2 custom-color-heading blockquote modern-quote  avia-builder-el-3  el_after_av_heading  avia-builder-el-last   '><h2 class='av-special-heading-tag '  itemprop=\"headline\"  >Cultura innovadora<\/h2><div class='special-heading-border'><div class='special-heading-inner-border' style='border-color:gold'><\/div><\/div><\/div><\/p><\/div>\n<div class='flex_column_table av-equal-height-column-flextable -flextable' ><div class=\"flex_column av_one_half  av-animated-generic bottom-to-top  flex_column_table_cell av-equal-height-column av-align-top av-zero-column-padding first  avia-builder-el-4  el_after_av_one_full  el_before_av_one_half   column-top-margin\" style='border-radius:0px; '><section class=\"av_textblock_section \"  itemscope=\"itemscope\" itemtype=\"https:\/\/schema.org\/CreativeWork\" ><div class='avia_textblock  '   itemprop=\"text\" ><p><strong>Inse Rail<\/strong> \u200b neix ja el 1994 amb una vocaci\u00f3 innovadora que no deixa de cr\u00e9ixer i reinventar-se, com a base del valor afegit que oferim als nostres clients.<\/p>\n<p>El Pla Estrat\u00e8gic d\u2019Innovaci\u00f3 2017-2019 s\u2019estructura en 3 l\u00ednies estrat\u00e8giques definides:<\/p>\n<ol>\n<li>Automatitzaci\u00f3 de procediments<\/li>\n<li>Tecnologies emergents<\/li>\n<li>Enginyeria aplicada<\/li>\n<\/ol>\n<\/div><\/section><\/div>\n<div class='av-flex-placeholder'><\/div><div class=\"flex_column av_one_half  av-animated-generic bottom-to-top  flex_column_table_cell av-equal-height-column av-align-top av-zero-column-padding   avia-builder-el-6  el_after_av_one_half  el_before_av_one_full   column-top-margin\" style='border-radius:0px; '><section class=\"av_textblock_section \"  itemscope=\"itemscope\" itemtype=\"https:\/\/schema.org\/CreativeWork\" ><div class='avia_textblock  '   itemprop=\"text\" ><p>Desenvolupades pel Departament d\u2019Innovaci\u00f3 a trav\u00e9s de les directrius seg\u00fcents:<\/p>\n<ul>\n<li>Open Innovation<\/li>\n<li>M\u00e0rqueting i activitat comercial<\/li>\n<li>Transfer\u00e8ncia tecnol\u00f2gica<\/li>\n<li>Congressos i f\u00f2rums internacionals<\/li>\n<li>Desenvolupament de negoci<\/li>\n<\/ul>\n<p><strong>Inse Rail<\/strong> disposa, des del 2018, del <strong>segell PYME Innovadora<\/strong>, concedit pel <strong>Ministeri d\u2019Economia, Ind\u00fastria i Competitivitat<\/strong>.<\/p>\n<\/div><\/section><\/div><\/div><!--close column table wrapper. Autoclose: 1 -->\n<div class=\"flex_column av_one_full  av-animated-generic bottom-to-top  flex_column_div av-zero-column-padding first  avia-builder-el-8  el_after_av_one_half  el_before_av_one_half   column-top-margin\" style='border-radius:0px; '><p><div style='padding-bottom:10px; color:gold;' class='av-special-heading av-special-heading-h2 custom-color-heading blockquote modern-quote  avia-builder-el-9  el_before_av_heading  avia-builder-el-first   '><h2 class='av-special-heading-tag '  itemprop=\"headline\"  >L\u00ednies estrat\u00e8giques<\/h2><div class='special-heading-border'><div class='special-heading-inner-border' style='border-color:gold'><\/div><\/div><\/div><br \/>\n<div style='padding-bottom:10px; ' class='av-special-heading av-special-heading-h2  blockquote modern-quote  avia-builder-el-10  el_after_av_heading  el_before_av_textblock   '><h2 class='av-special-heading-tag '  itemprop=\"headline\"  >Automatitzaci\u00f3 de procediments<\/h2><div class='special-heading-border'><div class='special-heading-inner-border' ><\/div><\/div><\/div><br \/>\n<section class=\"av_textblock_section \"  itemscope=\"itemscope\" itemtype=\"https:\/\/schema.org\/CreativeWork\" ><div class='avia_textblock  '   itemprop=\"text\" ><h1 class=\"gold\"><\/h1>\n<p>Desenvolupaments tecnol\u00f2gics amb la finalitat d\u2019informatitzar els tradicionals m\u00e8todes manuals que s\u2019apliquen en els projectes d\u2019enginyeria, i aix\u00ed s\u2019obtenen avantatges competitius i optimitzacions t\u00e8cniques i\/o pressupost\u00e0ries. S\u2019ha aplicat amb \u00e8xit en diversos \u00e0mbits ferroviaris, i d\u2019aquesta manera s\u2019ha aconseguit una millor gesti\u00f3 dels actius d\u2019un sistema.<\/p>\n<\/div><\/section><\/p><\/div>\n<div class=\"flex_column av_one_half  av-animated-generic bottom-to-top  flex_column_div av-zero-column-padding first  avia-builder-el-12  el_after_av_one_full  el_before_av_one_half   column-top-margin\" style='border-radius:0px; '><p><div style='padding-bottom:10px; ' class='av-special-heading av-special-heading-h3  blockquote modern-quote  avia-builder-el-13  el_before_av_textblock  avia-builder-el-first   '><h3 class='av-special-heading-tag '  itemprop=\"headline\"  >PLUSRAIL <\/h3><div class='special-heading-border'><div class='special-heading-inner-border' ><\/div><\/div><\/div><br \/>\n<section class=\"av_textblock_section \"  itemscope=\"itemscope\" itemtype=\"https:\/\/schema.org\/CreativeWork\" ><div class='avia_textblock  '   itemprop=\"text\" ><div class=\"inserail_eh1\">Simulacions de capacitat | Dimensionaments el\u00e8ctrics | Pertorbacions electromagn\u00e8tiques | Emissions harm\u00f2niques | Limitaci\u00f3 de tensions de contacte<\/div>\n<p style=\"text-align: center;\"><img loading=\"lazy\" decoding=\"async\" class=\"size-medium wp-image-1043 aligncenter\" src=\"https:\/\/inserail.es\/wp-content\/uploads\/2019\/10\/WEB_PLUSRAIL-300x167.jpg\" alt=\"PLUSRAIL Inse Rail\" width=\"300\" height=\"167\" srcset=\"https:\/\/inserail.es\/wp-content\/uploads\/2019\/10\/WEB_PLUSRAIL-300x167.jpg 300w, https:\/\/inserail.es\/wp-content\/uploads\/2019\/10\/WEB_PLUSRAIL.jpg 450w\" sizes=\"auto, (max-width: 300px) 100vw, 300px\" \/><\/p>\n<\/div><\/section><\/p><\/div>\n<div class=\"flex_column av_one_half  av-animated-generic bottom-to-top  flex_column_div av-zero-column-padding   avia-builder-el-15  el_after_av_one_half  el_before_av_one_full   column-top-margin\" style='border-radius:0px; '><p><div style='padding-bottom:10px; ' class='av-special-heading av-special-heading-h3  blockquote modern-quote  avia-builder-el-16  el_before_av_textblock  avia-builder-el-first   '><h3 class='av-special-heading-tag '  itemprop=\"headline\"  >SIGRAIL <\/h3><div class='special-heading-border'><div class='special-heading-inner-border' ><\/div><\/div><\/div><br \/>\n<section class=\"av_textblock_section \"  itemscope=\"itemscope\" itemtype=\"https:\/\/schema.org\/CreativeWork\" ><div class='avia_textblock  '   itemprop=\"text\" ><div class=\"inserail_eh1\">Programa d\u2019explotaci\u00f3 | Disseny de senyalitzaci\u00f3 i comunicacions | Simulaci\u00f3 d\u2019escenaris | Reducci\u00f3 de temps i\/o costos<\/div>\n<p style=\"text-align: center;\"><img loading=\"lazy\" decoding=\"async\" class=\"size-medium wp-image-1041 aligncenter\" src=\"https:\/\/inserail.es\/wp-content\/uploads\/2019\/10\/WEB_SIGRAIL-300x167.jpg\" alt=\"SIGRAIL Inse Rail\" width=\"300\" height=\"167\" srcset=\"https:\/\/inserail.es\/wp-content\/uploads\/2019\/10\/WEB_SIGRAIL-300x167.jpg 300w, https:\/\/inserail.es\/wp-content\/uploads\/2019\/10\/WEB_SIGRAIL.jpg 450w\" sizes=\"auto, (max-width: 300px) 100vw, 300px\" \/><\/p>\n<\/div><\/section><\/p><\/div>\n<div class=\"flex_column av_one_full  av-animated-generic bottom-to-top  flex_column_div av-zero-column-padding first  avia-builder-el-18  el_after_av_one_half  el_before_av_one_half   column-top-margin\" style='border-radius:0px; '><p><div style='padding-bottom:10px; ' class='av-special-heading av-special-heading-h2  blockquote modern-quote  avia-builder-el-19  el_before_av_textblock  avia-builder-el-first   '><h2 class='av-special-heading-tag '  itemprop=\"headline\"  >Tecnologies emergents<\/h2><div class='special-heading-border'><div class='special-heading-inner-border' ><\/div><\/div><\/div><br \/>\n<section class=\"av_textblock_section \"  itemscope=\"itemscope\" itemtype=\"https:\/\/schema.org\/CreativeWork\" ><div class='avia_textblock  '   itemprop=\"text\" ><p>Sistem\u00e0tica col\u00b7laboradora d\u2019innovaci\u00f3 oberta enfocada a les noves tend\u00e8ncies tecnol\u00f2giques del sector transport, amb la finalitat de generar espais de cocreaci\u00f3 en qu\u00e8 cada actor aporti el seu \u200b knowhow \u200b i es generin sinergies entre actors.<\/p>\n<\/div><\/section><\/p><\/div>\n<div class=\"flex_column av_one_half  av-animated-generic bottom-to-top  flex_column_div av-zero-column-padding first  avia-builder-el-21  el_after_av_one_full  el_before_av_one_full   column-top-margin\" style='border-radius:0px; '><p><div style='padding-bottom:10px; ' class='av-special-heading av-special-heading-h3  blockquote modern-quote  avia-builder-el-22  el_before_av_textblock  avia-builder-el-first   '><h3 class='av-special-heading-tag '  itemprop=\"headline\"  >HYPERSTROOCT <\/h3><div class='special-heading-border'><div class='special-heading-inner-border' ><\/div><\/div><\/div><br \/>\n<section class=\"av_textblock_section \"  itemscope=\"itemscope\" itemtype=\"https:\/\/schema.org\/CreativeWork\" ><div class='avia_textblock  '   itemprop=\"text\" ><div class=\"inserail_eh2\">An\u00e0lisi estructural | Interacci\u00f3 vehicle-estructura |\u00a0Automatitzaci\u00f3 dels c\u00e0lculs del disseny<\/div>\n<p style=\"text-align: center;\"><img loading=\"lazy\" decoding=\"async\" class=\"alignnone wp-image-5548 size-medium\" src=\"https:\/\/inserail.es\/wp-content\/uploads\/2021\/10\/hyperloop_inserail2-300x166.jpg\" alt=\"\" width=\"300\" height=\"166\" srcset=\"https:\/\/inserail.es\/wp-content\/uploads\/2021\/10\/hyperloop_inserail2-300x166.jpg 300w, https:\/\/inserail.es\/wp-content\/uploads\/2021\/10\/hyperloop_inserail2.jpg 450w\" sizes=\"auto, (max-width: 300px) 100vw, 300px\" \/><\/p>\n<\/div><\/section><\/p><\/div>\n<div class=\"flex_column av_one_full  av-animated-generic bottom-to-top  flex_column_div av-zero-column-padding first  avia-builder-el-24  el_after_av_one_half  el_before_av_one_half   column-top-margin\" style='border-radius:0px; '><p><div style='padding-bottom:10px; ' class='av-special-heading av-special-heading-h2  blockquote modern-quote  avia-builder-el-25  el_before_av_textblock  avia-builder-el-first   '><h2 class='av-special-heading-tag '  itemprop=\"headline\"  >Enginyeria aplicada<\/h2><div class='special-heading-border'><div class='special-heading-inner-border' ><\/div><\/div><\/div><br \/>\n<section class=\"av_textblock_section \"  itemscope=\"itemscope\" itemtype=\"https:\/\/schema.org\/CreativeWork\" ><div class='avia_textblock  '   itemprop=\"text\" ><p>Desenvolupaments industrials innovadors que neixen en l\u2019\u00e0mbit te\u00f2ric, es maduren conforme a pautes de mercat i desemboquen en un prototip per al seu assaig emp\u00edric i comercialitzaci\u00f3 posterior. \u00c9s l\u2019evoluci\u00f3 natural de la innovaci\u00f3 des de la fase de recerca fins a la seva transfer\u00e8ncia tecnol\u00f2gica a l\u00ednia de negoci.<\/p>\n<\/div><\/section><\/p><\/div>\n<div class=\"flex_column av_one_half  av-animated-generic bottom-to-top  flex_column_div av-zero-column-padding first  avia-builder-el-27  el_after_av_one_full  el_before_av_one_half   column-top-margin\" style='border-radius:0px; '><p><div style='padding-bottom:10px; ' class='av-special-heading av-special-heading-h3  blockquote modern-quote  avia-builder-el-28  el_before_av_textblock  avia-builder-el-first   '><h3 class='av-special-heading-tag '  itemprop=\"headline\"  >HAMMER <\/h3><div class='special-heading-border'><div class='special-heading-inner-border' ><\/div><\/div><\/div><br \/>\n<section class=\"av_textblock_section \"  itemscope=\"itemscope\" itemtype=\"https:\/\/schema.org\/CreativeWork\" ><div class='avia_textblock  '   itemprop=\"text\" ><div class=\"inserail_eh2\">An\u00e0lisi estructural | Manteniment preventiu i predictiu | Proves de c\u00e0rrega\u200b \u200b avan\u00e7ades | Monitoratge avan\u00e7at | Assaig din\u00e0mic<\/div>\n<p style=\"text-align: center;\"><img loading=\"lazy\" decoding=\"async\" class=\"size-medium wp-image-1037 aligncenter\" src=\"https:\/\/inserail.es\/wp-content\/uploads\/2019\/10\/WEB_HAMMER-300x167.jpg\" alt=\"HAMMER Inse Rail\" width=\"300\" height=\"167\" srcset=\"https:\/\/inserail.es\/wp-content\/uploads\/2019\/10\/WEB_HAMMER-300x167.jpg 300w, https:\/\/inserail.es\/wp-content\/uploads\/2019\/10\/WEB_HAMMER.jpg 450w\" sizes=\"auto, (max-width: 300px) 100vw, 300px\" \/><\/p>\n<\/div><\/section><\/p><\/div>\n<div class=\"flex_column av_one_half  av-animated-generic bottom-to-top  flex_column_div av-zero-column-padding   avia-builder-el-30  el_after_av_one_half  avia-builder-el-last   column-top-margin\" style='border-radius:0px; '><p><div style='padding-bottom:10px; ' class='av-special-heading av-special-heading-h3  blockquote modern-quote  avia-builder-el-31  el_before_av_textblock  avia-builder-el-first   '><h3 class='av-special-heading-tag '  itemprop=\"headline\"  >VIADINTEL-VIADINTEGRA <\/h3><div class='special-heading-border'><div class='special-heading-inner-border' ><\/div><\/div><\/div><br \/>\n<section class=\"av_textblock_section \"  itemscope=\"itemscope\" itemtype=\"https:\/\/schema.org\/CreativeWork\" ><div class='avia_textblock  '   itemprop=\"text\" ><div class=\"inserail_eh2\">An\u00e0lisi estructural | Fiabilitat en el manteniment | Diagn\u00f2stic continu | Monitoratge<\/div>\n<p style=\"text-align: center;\"><img loading=\"lazy\" decoding=\"async\" class=\"aligncenter wp-image-1039 size-medium\" src=\"https:\/\/inserail.es\/wp-content\/uploads\/2019\/10\/WEB_VIADINTEGRA-300x167.jpg\" alt=\"VIADINTEGRA Inse Rail\" width=\"300\" height=\"167\" srcset=\"https:\/\/inserail.es\/wp-content\/uploads\/2019\/10\/WEB_VIADINTEGRA-300x167.jpg 300w, https:\/\/inserail.es\/wp-content\/uploads\/2019\/10\/WEB_VIADINTEGRA.jpg 450w\" sizes=\"auto, (max-width: 300px) 100vw, 300px\" \/><\/p>\n<\/div><\/section><\/p><\/div>\n","protected":false},"excerpt":{"rendered":"","protected":false},"author":1,"featured_media":1875,"parent":1824,"menu_order":15,"comment_status":"closed","ping_status":"closed","template":"","meta":{"footnotes":""},"class_list":["post-1892","page","type-page","status-publish","has-post-thumbnail","hentry"],"_links":{"self":[{"href":"https:\/\/inserail.es\/ca\/wp-json\/wp\/v2\/pages\/1892","targetHints":{"allow":["GET"]}}],"collection":[{"href":"https:\/\/inserail.es\/ca\/wp-json\/wp\/v2\/pages"}],"about":[{"href":"https:\/\/inserail.es\/ca\/wp-json\/wp\/v2\/types\/page"}],"author":[{"embeddable":true,"href":"https:\/\/inserail.es\/ca\/wp-json\/wp\/v2\/users\/1"}],"replies":[{"embeddable":true,"href":"https:\/\/inserail.es\/ca\/wp-json\/wp\/v2\/comments?post=1892"}],"version-history":[{"count":10,"href":"https:\/\/inserail.es\/ca\/wp-json\/wp\/v2\/pages\/1892\/revisions"}],"predecessor-version":[{"id":5590,"href":"https:\/\/inserail.es\/ca\/wp-json\/wp\/v2\/pages\/1892\/revisions\/5590"}],"up":[{"embeddable":true,"href":"https:\/\/inserail.es\/ca\/wp-json\/wp\/v2\/pages\/1824"}],"wp:featuredmedia":[{"embeddable":true,"href":"https:\/\/inserail.es\/ca\/wp-json\/wp\/v2\/media\/1875"}],"wp:attachment":[{"href":"https:\/\/inserail.es\/ca\/wp-json\/wp\/v2\/media?parent=1892"}],"curies":[{"name":"wp","href":"https:\/\/api.w.org\/{rel}","templated":true}]}}