{"id":1864,"date":"2020-07-08T13:03:30","date_gmt":"2020-07-08T11:03:30","guid":{"rendered":"https:\/\/inserail.es\/empresa\/president-fundador\/"},"modified":"2021-01-25T19:06:25","modified_gmt":"2021-01-25T18:06:25","slug":"president-fundador","status":"publish","type":"page","link":"https:\/\/inserail.es\/ca\/empresa\/president-fundador\/","title":{"rendered":"President Fundador"},"content":{"rendered":"<p><div class=\"flex_column av_one_full  flex_column_div av-zero-column-padding first  avia-builder-el-0  el_before_av_one_full  avia-builder-el-first  \" style='border-radius:0px; '><section class=\"av_textblock_section \"  itemscope=\"itemscope\" itemtype=\"https:\/\/schema.org\/CreativeWork\" ><div class='avia_textblock  '   itemprop=\"text\" ><h1><img loading=\"lazy\" decoding=\"async\" class=\"alignnone wp-image-478 size-entry_with_sidebar\" src=\"https:\/\/inserail.es\/wp-content\/uploads\/2019\/09\/INSE-RAIL-Empresa-2do_nivel_cabecera_empresa-845x321.png\" alt=\"\" width=\"845\" height=\"321\" \/><\/h1>\n<\/div><\/section> <div style='padding-bottom:0px; ' class='av-special-heading av-special-heading-h1  blockquote modern-quote  avia-builder-el-2  el_after_av_textblock  avia-builder-el-last   '><h1 class='av-special-heading-tag '  itemprop=\"headline\"  >President Fundador <\/h1><div class='special-heading-border'><div class='special-heading-inner-border' ><\/div><\/div><\/div> <\/p><\/div><div class=\"flex_column av_one_full  av-animated-generic bottom-to-top  flex_column_div av-zero-column-padding first  avia-builder-el-3  el_after_av_one_full  avia-builder-el-last   column-top-margin\" style='border-radius:0px; '><p> <div style='padding-bottom:10px; color:gold;' class='av-special-heading av-special-heading-h2 custom-color-heading blockquote modern-quote  avia-builder-el-4  el_before_av_textblock  avia-builder-el-first   '><h2 class='av-special-heading-tag '  itemprop=\"headline\"  >Enginyeria de valor<\/h2><div class='special-heading-border'><div class='special-heading-inner-border' style='border-color:gold'><\/div><\/div><\/div> <section class=\"av_textblock_section \"  itemscope=\"itemscope\" itemtype=\"https:\/\/schema.org\/CreativeWork\" ><div class='avia_textblock  '   itemprop=\"text\" ><p> Cesar Ca\u00f1edo-Arg\u00fcelles \u00e9s el president d\u2019Inse Rail i ve dedicant tota la seva vida professional i empresarial, des de l\u2019any 1970, a l\u2019enginyeria i consultoria. Ha participat en la fundaci\u00f3 i direcci\u00f3 d\u2019importants empreses espanyoles d\u2019enginyeria civil, arquitectura i enginyeria industrial, i des del 1994 presideix Inse Rail. A m\u00e9s de la seva activitat directiva, Cesar Ca\u00f1edo-Arg\u00fcelles ha exercit destacats c\u00e0rrecs institucionals relacionats amb l\u2019enginyeria. Entre 1992 i 1996 va ser president de l\u2019Asociaci\u00f3n Espa\u00f1ola de Empresas de Ingenier\u00eda y Consultor\u00eda, TECNIBERIA. En el per\u00edode de 2000 a 2004 va ser vicepresident del Col\u00b7legi d\u2019Enginyers de Camins, Canals i Ports. Amb aquest ampli bagatge d\u2019experi\u00e8ncia i coneixement, Cesar Ca\u00f1edo-Arg\u00fcelles lidera com a president d\u2019Inse Rail l\u2019activitat professional i el desenvolupament empresarial de la Companyia. <\/p>\n<\/div><\/section> <\/p><\/div><\/p>\n","protected":false},"excerpt":{"rendered":"","protected":false},"author":1,"featured_media":1853,"parent":1824,"menu_order":10,"comment_status":"closed","ping_status":"closed","template":"","meta":{"footnotes":""},"class_list":["post-1864","page","type-page","status-publish","has-post-thumbnail","hentry"],"_links":{"self":[{"href":"https:\/\/inserail.es\/ca\/wp-json\/wp\/v2\/pages\/1864","targetHints":{"allow":["GET"]}}],"collection":[{"href":"https:\/\/inserail.es\/ca\/wp-json\/wp\/v2\/pages"}],"about":[{"href":"https:\/\/inserail.es\/ca\/wp-json\/wp\/v2\/types\/page"}],"author":[{"embeddable":true,"href":"https:\/\/inserail.es\/ca\/wp-json\/wp\/v2\/users\/1"}],"replies":[{"embeddable":true,"href":"https:\/\/inserail.es\/ca\/wp-json\/wp\/v2\/comments?post=1864"}],"version-history":[{"count":6,"href":"https:\/\/inserail.es\/ca\/wp-json\/wp\/v2\/pages\/1864\/revisions"}],"predecessor-version":[{"id":5374,"href":"https:\/\/inserail.es\/ca\/wp-json\/wp\/v2\/pages\/1864\/revisions\/5374"}],"up":[{"embeddable":true,"href":"https:\/\/inserail.es\/ca\/wp-json\/wp\/v2\/pages\/1824"}],"wp:featuredmedia":[{"embeddable":true,"href":"https:\/\/inserail.es\/ca\/wp-json\/wp\/v2\/media\/1853"}],"wp:attachment":[{"href":"https:\/\/inserail.es\/ca\/wp-json\/wp\/v2\/media?parent=1864"}],"curies":[{"name":"wp","href":"https:\/\/api.w.org\/{rel}","templated":true}]}}