{"id":1824,"date":"2020-07-08T12:47:08","date_gmt":"2020-07-08T10:47:08","guid":{"rendered":"https:\/\/inserail.es\/empresa\/"},"modified":"2021-05-12T22:40:57","modified_gmt":"2021-05-12T20:40:57","slug":"empresa","status":"publish","type":"page","link":"https:\/\/inserail.es\/ca\/empresa\/","title":{"rendered":"Empresa"},"content":{"rendered":"<div id='full_slider_1' class='avia-fullwidth-slider main_color avia-shadow   avia-builder-el-0  el_before_av_section  avia-builder-el-first   container_wrap sidebar_left' style=' '  ><div  data-size='no scaling'  data-lightbox_size='large'  data-animation='slide'  data-conditional_play=''  data-ids='1022'  data-video_counter='0'  data-autoplay='false'  data-bg_slider='false'  data-slide_height=''  data-handle='av_slideshow_full'  data-interval='5'  data-class=' '  data-css_id=''  data-scroll_down=''  data-control_layout='av-control-default'  data-custom_markup=''  data-perma_caption=''  data-autoplay_stopper=''  data-image_attachment=''  data-min_height='0px'  data-src=''  data-position='top left'  data-repeat='no-repeat'  data-attach='scroll'  data-stretch=''  class='avia-slideshow avia-slideshow-1  av-control-default av-default-height-applied avia-slideshow-no scaling av_slideshow_full   avia-slide-slider '  itemprop=\"image\" itemscope=\"itemscope\" itemtype=\"https:\/\/schema.org\/ImageObject\" ><ul class='avia-slideshow-inner ' style='padding-bottom: 32.8125%;' ><li  class=' av-single-slide slide-1 ' ><div data-rel='slideshow-1' class='avia-slide-wrap '   ><div class = \"caption_fullwidth av-slideshow-caption caption_left\"><div class = \"container caption_container\"><div class = \"slideshow_caption\"><div class = \"slideshow_inner_caption\"><div class = \"slideshow_align_caption\"><h2  class='avia-caption-title  '  itemprop=\"name\" >ESPECIALITZACI\u00d3 EN SECTOR FERROVIARI<\/h2><\/div><\/div><\/div><\/div><\/div><img src='https:\/\/inserail.es\/wp-content\/uploads\/2019\/09\/cabecera_empresa_1920x630.jpg' width='1920' height='630' title='cabecera_empresa_1920x630' alt='Inse Rail Especializaci\u00f3n en Sector Ferroviario'  itemprop=\"thumbnailUrl\"   \/><\/div><\/li><\/ul><\/div><\/div>\n<div id='av_section_1' class='avia-section main_color avia-section-large avia-no-border-styling avia-bg-style-scroll  avia-builder-el-1  el_after_av_slideshow_full  avia-builder-el-last   container_wrap sidebar_left' style=' '  ><div class='container' ><div class='template-page content  av-content-small units'><div class='post-entry post-entry-type-page post-entry-1824'><div class='entry-content-wrapper clearfix'>\n<div style='padding-bottom:0px; ' class='av-special-heading av-special-heading-h2  blockquote modern-quote  avia-builder-el-2  el_before_av_hr  avia-builder-el-first   '><h2 class='av-special-heading-tag '  itemprop=\"headline\"  >EMPRESA <\/h2><div class='special-heading-border'><div class='special-heading-inner-border' ><\/div><\/div><\/div>\n<div style='height:22px' class='hr hr-invisible   avia-builder-el-3  el_after_av_heading  el_before_av_textblock  '><span class='hr-inner ' ><span class='hr-inner-style'><\/span><\/span><\/div>\n<section class=\"av_textblock_section \"  itemscope=\"itemscope\" itemtype=\"https:\/\/schema.org\/CreativeWork\" ><div class='avia_textblock  '   itemprop=\"text\" ><p><strong>Inse Rail<\/strong> \u200b \u00e9s una companyia independent, fundada el 1994, dedicada a l\u2019enginyeria i la consultoria en els sistemes ferroviaris, les infraestructures del transport, la ind\u00fastria i l\u2019energia, que desenvolupa la seva activitat en les diferents etapes de planificaci\u00f3, disseny, construcci\u00f3 i explotaci\u00f3 de les inversions.<\/p>\n<p><strong>Inse Rail<\/strong> \u200b \u00e9s reconeguda per la seva participaci\u00f3 en el desenvolupament de l\u2019alta velocitat i els transports metropolitans, amb una profunda especialitzaci\u00f3 en els subsistemes de superestructura de via, electrificaci\u00f3, senyalitzaci\u00f3 i seguretat, comunicacions i altres instal\u00b7lacions del sector ferroviari. \u200b Inse Rail \u200b tamb\u00e9 destaca per la seva activitat en les infraestructures del transport, instal\u00b7lacions industrials i energ\u00e8tiques.<\/p>\n<p><strong>Inse Rail<\/strong> \u200b compta amb un equip hum\u00e0 multidisciplinari format per professionals experts en diverses branques d\u2019enginyeria (civil, industrial, el\u00e8ctrica, mec\u00e0nica, telecomunicacions, aeroportu\u00e0ria) i arquitectura, que ofereixen a cada client, de manera individual, atenci\u00f3, servei i comprom\u00eds amb els objectius encomanats.<\/p>\n<p><strong>Inse Rail<\/strong> \u200b \u00e9s una empresa profundament innovadora que participa sistem\u00e0ticament en programes espanyols i europeus de R+D+I, i \u00e9s fidel a la seva responsabilitat social amb l\u2019aplicaci\u00f3 de sistemes de gesti\u00f3 de qualitat i ambiental, certificada en les normes UNE-EN-ISO.<\/p>\n<\/div><\/section>\n<div style=' margin-top:5px; margin-bottom:15px;'  class='hr hr-custom hr-center hr-icon-no   avia-builder-el-5  el_after_av_textblock  el_before_av_one_fourth  '><span class='hr-inner   inner-border-av-border-none' style=' width:50px; border-color:rgba(255,255,255,0.01);' ><span class='hr-inner-style'><\/span><\/span><\/div>\n<div class=\"flex_column av_one_fourth  av-animated-generic bottom-to-top  flex_column_div av-zero-column-padding first  avia-builder-el-6  el_after_av_hr  el_before_av_one_fourth  \" style='border-radius:0px; '><p><div class='avia-image-container  av-styling-no-styling av-hover-grow av-hide-overflow   avia-builder-el-7  el_before_av_heading  avia-builder-el-first   avia-align-center '  itemprop=\"image\" itemscope=\"itemscope\" itemtype=\"https:\/\/schema.org\/ImageObject\"  ><div class='avia-image-container-inner'><div class='avia-image-overlay-wrap'><a href='https:\/\/inserail.es\/ca\/empresa\/president-fundador\/' class='avia_image'  ><img class='avia_image ' src='https:\/\/inserail.es\/wp-content\/uploads\/2019\/08\/img01_EmpresaNivel_1.png' alt='Cesar Ca\u00f1edo-Arg\u00fcelles' title='img01_EmpresaNivel_1'  itemprop=\"thumbnailUrl\"  \/><\/a><\/div><\/div><\/div><br \/>\n<div style='padding-bottom:0px; ' class='av-special-heading av-special-heading-h3  blockquote modern-quote modern-centered  avia-builder-el-8  el_after_av_image  avia-builder-el-last   av-linked-heading '><h3 class='av-special-heading-tag '  itemprop=\"headline\"  ><a href=\"https:\/\/inserail.es\/empresa\/presidente-fundador\/\">PRESIDENT FUNDADOR<\/a><\/h3><div class='special-heading-border'><div class='special-heading-inner-border' ><\/div><\/div><\/div><\/p><\/div><div class=\"flex_column av_one_fourth  av-animated-generic bottom-to-top  flex_column_div av-zero-column-padding   avia-builder-el-9  el_after_av_one_fourth  el_before_av_one_fourth  \" style='border-radius:0px; '><p><div class='avia-image-container  av-styling-no-styling av-hover-grow av-hide-overflow   avia-builder-el-10  el_before_av_heading  avia-builder-el-first   avia-align-center '  itemprop=\"image\" itemscope=\"itemscope\" itemtype=\"https:\/\/schema.org\/ImageObject\"  ><div class='avia-image-container-inner'><div class='avia-image-overlay-wrap'><a href='https:\/\/inserail.es\/ca\/empresa\/rdi\/' class='avia_image'  ><img class='avia_image ' src='https:\/\/inserail.es\/wp-content\/uploads\/2019\/08\/img02_EmpresaNivel_1.png' alt='Inse Rail I+D+i' title='img02_EmpresaNivel_1'  itemprop=\"thumbnailUrl\"  \/><\/a><\/div><\/div><\/div><br \/>\n<div style='padding-bottom:0px; ' class='av-special-heading av-special-heading-h3  blockquote modern-quote modern-centered  avia-builder-el-11  el_after_av_image  avia-builder-el-last   av-linked-heading '><h3 class='av-special-heading-tag '  itemprop=\"headline\"  ><a href=\"https:\/\/inserail.es\/empresa\/idi\/\">R+D+I<\/a><\/h3><div class='special-heading-border'><div class='special-heading-inner-border' ><\/div><\/div><\/div><\/p><\/div><div class=\"flex_column av_one_fourth  av-animated-generic bottom-to-top  flex_column_div av-zero-column-padding   avia-builder-el-12  el_after_av_one_fourth  el_before_av_one_fourth  \" style='border-radius:0px; '><p><div class='avia-image-container  av-styling-no-styling av-hover-grow av-hide-overflow   avia-builder-el-13  el_before_av_heading  avia-builder-el-first   avia-align-center '  itemprop=\"image\" itemscope=\"itemscope\" itemtype=\"https:\/\/schema.org\/ImageObject\"  ><div class='avia-image-container-inner'><div class='avia-image-overlay-wrap'><a href='https:\/\/inserail.es\/ca\/empresa\/qualitat-i-medi-ambient\/' class='avia_image'  ><img class='avia_image ' src='https:\/\/inserail.es\/wp-content\/uploads\/2019\/08\/img03_EmpresaNivel_1.png' alt='Inse Rail Calidad y Medioambiente' title='img03_EmpresaNivel_1'  itemprop=\"thumbnailUrl\"  \/><\/a><\/div><\/div><\/div><br \/>\n<div style='padding-bottom:0px; ' class='av-special-heading av-special-heading-h3  blockquote modern-quote modern-centered  avia-builder-el-14  el_after_av_image  avia-builder-el-last   av-linked-heading '><h3 class='av-special-heading-tag '  itemprop=\"headline\"  ><a href=\"https:\/\/inserail.es\/ca\/empresa\/qualitat-i-medi-ambient\/\">QUALITAT, MEDI AMBIENT I SEGURETAT I SALUT<\/a><\/h3><div class='special-heading-border'><div class='special-heading-inner-border' ><\/div><\/div><\/div><\/p><\/div><div class=\"flex_column av_one_fourth  av-animated-generic bottom-to-top  flex_column_div av-zero-column-padding   avia-builder-el-15  el_after_av_one_fourth  avia-builder-el-last  \" style='border-radius:0px; '><p><div class='avia-image-container  av-styling-no-styling av-hover-grow av-hide-overflow   avia-builder-el-16  el_before_av_heading  avia-builder-el-first   avia-align-center '  itemprop=\"image\" itemscope=\"itemscope\" itemtype=\"https:\/\/schema.org\/ImageObject\"  ><div class='avia-image-container-inner'><div class='avia-image-overlay-wrap'><a href='https:\/\/inserail.es\/ca\/empresa\/treballa-amb-nosaltres\/' class='avia_image'  ><img class='avia_image ' src='https:\/\/inserail.es\/wp-content\/uploads\/2019\/08\/img04_EmpresaNivel_1.png' alt='Trabajo Inse Rail' title='img04_EmpresaNivel_1'  itemprop=\"thumbnailUrl\"  \/><\/a><\/div><\/div><\/div><br \/>\n<div style='padding-bottom:0px; ' class='av-special-heading av-special-heading-h3  blockquote modern-quote modern-centered  avia-builder-el-17  el_after_av_image  avia-builder-el-last   av-linked-heading '><h3 class='av-special-heading-tag '  itemprop=\"headline\"  ><a href=\"https:\/\/inserail.es\/empresa\/trabajar-con-nosotros\/\">TREBALLA AMB NOSALTRES<\/a><\/h3><div class='special-heading-border'><div class='special-heading-inner-border' ><\/div><\/div><\/div><\/p><\/div><\/div><\/div><\/div><!-- close content main div --><\/div><\/div><div id='after_section_1' class='main_color av_default_container_wrap container_wrap sidebar_left' style=' '  ><div class='container' ><div class='template-page content  av-content-small units'><div class='post-entry post-entry-type-page post-entry-1824'><div class='entry-content-wrapper clearfix'>\n","protected":false},"excerpt":{"rendered":"","protected":false},"author":1,"featured_media":0,"parent":0,"menu_order":10,"comment_status":"closed","ping_status":"closed","template":"","meta":{"footnotes":""},"class_list":["post-1824","page","type-page","status-publish","hentry"],"_links":{"self":[{"href":"https:\/\/inserail.es\/ca\/wp-json\/wp\/v2\/pages\/1824","targetHints":{"allow":["GET"]}}],"collection":[{"href":"https:\/\/inserail.es\/ca\/wp-json\/wp\/v2\/pages"}],"about":[{"href":"https:\/\/inserail.es\/ca\/wp-json\/wp\/v2\/types\/page"}],"author":[{"embeddable":true,"href":"https:\/\/inserail.es\/ca\/wp-json\/wp\/v2\/users\/1"}],"replies":[{"embeddable":true,"href":"https:\/\/inserail.es\/ca\/wp-json\/wp\/v2\/comments?post=1824"}],"version-history":[{"count":12,"href":"https:\/\/inserail.es\/ca\/wp-json\/wp\/v2\/pages\/1824\/revisions"}],"predecessor-version":[{"id":5375,"href":"https:\/\/inserail.es\/ca\/wp-json\/wp\/v2\/pages\/1824\/revisions\/5375"}],"wp:attachment":[{"href":"https:\/\/inserail.es\/ca\/wp-json\/wp\/v2\/media?parent=1824"}],"curies":[{"name":"wp","href":"https:\/\/api.w.org\/{rel}","templated":true}]}}